{"id":14450,"date":"2024-11-30T19:42:37","date_gmt":"2024-11-30T16:12:37","guid":{"rendered":"https:\/\/atigh.org\/si%c9%99-minb%c9%99rl%c9%99rinin-elitl%c9%99rinin-birinci-toplantisi\/"},"modified":"2025-04-12T16:34:24","modified_gmt":"2025-04-12T12:04:24","slug":"si%c9%99-minb%c9%99rl%c9%99rinin-elitl%c9%99rinin-birinci-toplantisi","status":"publish","type":"page","link":"https:\/\/atigh.org\/az\/si%c9%99-minb%c9%99rl%c9%99rinin-elitl%c9%99rinin-birinci-toplantisi\/","title":{"rendered":"\u015ei\u0259 minb\u0259rl\u0259rinin elitl\u0259rinin birinci toplant\u0131s\u0131"},"content":{"rendered":"\t\t<div data-elementor-type=\"wp-page\" data-elementor-id=\"14450\" class=\"elementor elementor-14450 elementor-6256\" data-elementor-post-type=\"page\">\n\t\t\t\t<div class=\"elementor-element elementor-element-36e5297 e-con-full e-flex e-con e-parent\" data-id=\"36e5297\" data-element_type=\"container\" data-settings=\"{&quot;jet_parallax_layout_list&quot;:[]}\">\n\t\t<div class=\"elementor-element elementor-element-ab7c2b5 e-con-full e-flex e-con e-child\" data-id=\"ab7c2b5\" data-element_type=\"container\" data-settings=\"{&quot;jet_parallax_layout_list&quot;:[]}\">\n\t\t\t\t<div class=\"elementor-element elementor-element-a780e11 elementor-widget elementor-widget-heading\" data-id=\"a780e11\" data-element_type=\"widget\" data-widget_type=\"heading.default\">\n\t\t\t\t<div class=\"elementor-widget-container\">\n\t\t\t\t\t<h2 class=\"elementor-heading-title elementor-size-default\">\u015ei\u0259 minb\u0259rl\u0259rinin beyn\u0259lxalq elitalar\u0131n\u0131n birinci toplant\u0131s\u0131<\/h2>\t\t\t\t<\/div>\n\t\t\t\t<\/div>\n\t\t\t\t<div class=\"elementor-element elementor-element-4d72e6c elementor-widget elementor-widget-spacer\" data-id=\"4d72e6c\" data-element_type=\"widget\" data-widget_type=\"spacer.default\">\n\t\t\t\t<div class=\"elementor-widget-container\">\n\t\t\t\t\t\t\t<div class=\"elementor-spacer\">\n\t\t\t<div class=\"elementor-spacer-inner\"><\/div>\n\t\t<\/div>\n\t\t\t\t\t\t<\/div>\n\t\t\t\t<\/div>\n\t\t\t\t<div class=\"elementor-element elementor-element-c8b30a0 elementor-widget__width-initial elementor-widget elementor-widget-text-editor\" data-id=\"c8b30a0\" data-element_type=\"widget\" data-widget_type=\"text-editor.default\">\n\t\t\t\t<div class=\"elementor-widget-container\">\n\t\t\t\t\t\t\t\t\t<p>H\u0259zr\u0259t \u018fli \u018fs\u011f\u0259r <sup>(\u0259)<\/sup> \u00dcmumd\u00fcnya M\u0259clisinin katibi, 6 ild\u0259n sonra \u015ei\u0259 minb\u0259rl\u0259rinin beyn\u0259lxalq elitalar\u0131n\u0131n birinci toplant\u0131s\u0131nda \u0130mam H\u00fcseynin <sup>(\u0259)<\/sup> m\u00fcbar\u0259k k\u00f6yn\u0259yi il\u0259 ba\u011fl\u0131 t\u0259dqiqatlar\u0131n\u0131 t\u0259qdim etdi. Bu toplant\u0131 800-d\u0259n \u00e7ox h\u00f6vz\u0259 v\u0259 universitet aliml\u0259ri, x\u0259tibl\u0259r, \u015fairl\u0259r v\u0259 s\u0259n\u0259tkarlar\u0131n i\u015ftirak\u0131 il\u0259 R\u0259z\u0259vi m\u00fcq\u0259dd\u0259s h\u0259r\u0259mind\u0259 &#8220;M\u00f6ht\u0259r\u0259m Seyid\u00fc\u015f-\u015e\u00fch\u0259dan\u0131n <sup>(\u0259)<\/sup> k\u00f6yn\u0259yi, Qaimin <sup>(\u0259c)<\/sup> qiyam bayra\u011f\u0131&#8221; ba\u015fl\u0131\u011f\u0131 alt\u0131nda \u0130mam Hadinin <sup>(\u0259)<\/sup> \u015f\u0259had\u0259t g\u00fcn\u00fc il\u0259 eyni zamanda, 1401-ci ilin Behm\u0259n ay\u0131n\u0131n 5-d\u0259 ke\u00e7irildi.<\/p><p>Qeyd etm\u0259k laz\u0131md\u0131r ki, bu toplant\u0131da 60 m\u00fcxt\u0259lif mill\u0259td\u0259n 190 n\u0259f\u0259r i\u015ftirak etmi\u015fdir.<\/p>\t\t\t\t\t\t\t\t<\/div>\n\t\t\t\t<\/div>\n\t\t\t\t<\/div>\n\t\t\t\t<\/div>\n\t\t<div class=\"elementor-element elementor-element-0598cf2 e-grid e-con-full e-con e-child\" data-id=\"0598cf2\" data-element_type=\"container\" data-settings=\"{&quot;jet_parallax_layout_list&quot;:[]}\">\n\t\t\t\t<div class=\"elementor-element elementor-element-ed825c1 elementor-widget elementor-widget-image\" data-id=\"ed825c1\" data-element_type=\"widget\" data-widget_type=\"image.default\">\n\t\t\t\t<div class=\"elementor-widget-container\">\n\t\t\t\t\t\t\t\t\t\t\t\t\t\t\t\t<a href=\"https:\/\/atigh.org\/wp-content\/uploads\/2025\/01\/Audio-Ejlas%201.mp3\">\n\t\t\t\t\t\t\t<img fetchpriority=\"high\" decoding=\"async\" width=\"486\" height=\"444\" src=\"https:\/\/atigh.org\/wp-content\/uploads\/2025\/05\/AudDown_Az.png\" class=\"attachment-large size-large wp-image-14971\" alt=\"\" srcset=\"https:\/\/atigh.org\/wp-content\/uploads\/2025\/05\/AudDown_Az.png 486w, https:\/\/atigh.org\/wp-content\/uploads\/2025\/05\/AudDown_Az-300x274.png 300w\" sizes=\"(max-width: 486px) 100vw, 486px\" \/>\t\t\t\t\t\t\t\t<\/a>\n\t\t\t\t\t\t\t\t\t\t\t\t\t\t\t<\/div>\n\t\t\t\t<\/div>\n\t\t\t\t<div class=\"elementor-element elementor-element-6d8552b elementor-widget elementor-widget-image\" data-id=\"6d8552b\" data-element_type=\"widget\" data-widget_type=\"image.default\">\n\t\t\t\t<div class=\"elementor-widget-container\">\n\t\t\t\t\t\t\t\t\t\t\t\t\t\t\t\t<a href=\"https:\/\/atigh.org\/%d8%a7%d8%ac%d9%84%d8%a7%d8%b3-%d8%a7%d9%88%d9%84\/%da%af%d8%b2%d8%a7%d8%b1%d8%b4-%d8%aa%d8%b5%d9%88%db%8c%d8%b1%db%8c-%d8%a7%d9%88%d9%84%db%8c%d9%86-%d8%a7%d8%ac%d9%84%d8%a7%d8%b3-%d9%86%d8%ae%d8%a8%da%af%d8%a7%d9%86-%d9%85%d9%86%d8%a7%d8%a8%d8%b1\/\">\n\t\t\t\t\t\t\t<img decoding=\"async\" width=\"486\" height=\"444\" src=\"https:\/\/atigh.org\/wp-content\/uploads\/2025\/05\/PhotoRep_Az.png\" class=\"attachment-large size-large wp-image-14961\" alt=\"\" srcset=\"https:\/\/atigh.org\/wp-content\/uploads\/2025\/05\/PhotoRep_Az.png 486w, https:\/\/atigh.org\/wp-content\/uploads\/2025\/05\/PhotoRep_Az-300x274.png 300w\" sizes=\"(max-width: 486px) 100vw, 486px\" \/>\t\t\t\t\t\t\t\t<\/a>\n\t\t\t\t\t\t\t\t\t\t\t\t\t\t\t<\/div>\n\t\t\t\t<\/div>\n\t\t\t\t<div class=\"elementor-element elementor-element-7a3febd elementor-widget elementor-widget-image\" data-id=\"7a3febd\" data-element_type=\"widget\" data-widget_type=\"image.default\">\n\t\t\t\t<div class=\"elementor-widget-container\">\n\t\t\t\t\t\t\t\t\t\t\t\t\t\t\t\t<a href=\"https:\/\/atigh.org\/blog\/\">\n\t\t\t\t\t\t\t<img decoding=\"async\" width=\"486\" height=\"444\" src=\"https:\/\/atigh.org\/wp-content\/uploads\/2025\/05\/News_Az.png\" class=\"attachment-large size-large wp-image-14966\" alt=\"\" srcset=\"https:\/\/atigh.org\/wp-content\/uploads\/2025\/05\/News_Az.png 486w, https:\/\/atigh.org\/wp-content\/uploads\/2025\/05\/News_Az-300x274.png 300w\" sizes=\"(max-width: 486px) 100vw, 486px\" \/>\t\t\t\t\t\t\t\t<\/a>\n\t\t\t\t\t\t\t\t\t\t\t\t\t\t\t<\/div>\n\t\t\t\t<\/div>\n\t\t\t\t<\/div>\n\t\t<div class=\"elementor-element elementor-element-40b7e0b e-flex e-con-boxed e-con e-parent\" data-id=\"40b7e0b\" data-element_type=\"container\" data-settings=\"{&quot;jet_parallax_layout_list&quot;:[]}\">\n\t\t\t\t\t<div class=\"e-con-inner\">\n\t\t\t\t<div class=\"elementor-element elementor-element-8719450 elementor-widget elementor-widget-heading\" data-id=\"8719450\" data-element_type=\"widget\" data-widget_type=\"heading.default\">\n\t\t\t\t<div class=\"elementor-widget-container\">\n\t\t\t\t\t<h2 class=\"elementor-heading-title elementor-size-default\">Toplant\u0131n\u0131n s\u0259si<\/h2>\t\t\t\t<\/div>\n\t\t\t\t<\/div>\n\t\t\t\t<div class=\"elementor-element elementor-element-1621ddd elementor-widget elementor-widget-jet-audio\" data-id=\"1621ddd\" data-element_type=\"widget\" data-widget_type=\"jet-audio.default\">\n\t\t\t\t<div class=\"elementor-widget-container\">\n\t\t\t\t\t<div class=\"elementor-jet-audio jet-elements\">\n\t\t<div class=\"jet-audio jet-audio--fa5-compat\" data-audio-settings=\"{&quot;controls&quot;:[&quot;playpause&quot;,&quot;current&quot;,&quot;progress&quot;,&quot;duration&quot;,&quot;volume&quot;],&quot;audioVolume&quot;:&quot;horizontal&quot;,&quot;startVolume&quot;:0.7,&quot;hasVolumeBar&quot;:&quot;yes&quot;,&quot;hideVolumeOnTouchDevices&quot;:true}\">\n\t\t\t<audio class=\"jet-audio-player\" preload=\"none\" controls=\"\" src=\"https:\/\/atigh.org\/wp-content\/uploads\/2025\/01\/Audio-Ejlas%201.mp3\" width=\"100%\"><\/audio>\n\t\t<\/div>\n\n\t\t<\/div>\t\t\t\t<\/div>\n\t\t\t\t<\/div>\n\t\t\t\t\t<\/div>\n\t\t\t\t<\/div>\n\t\t<div class=\"elementor-element elementor-element-4939403 e-flex e-con-boxed e-con e-parent\" data-id=\"4939403\" data-element_type=\"container\" data-settings=\"{&quot;jet_parallax_layout_list&quot;:[]}\">\n\t\t\t\t\t<div class=\"e-con-inner\">\n\t\t\t\t<div class=\"elementor-element elementor-element-8781b81 elementor-widget elementor-widget-heading\" data-id=\"8781b81\" data-element_type=\"widget\" data-widget_type=\"heading.default\">\n\t\t\t\t<div class=\"elementor-widget-container\">\n\t\t\t\t\t<h2 class=\"elementor-heading-title elementor-size-default\">Toplant\u0131n\u0131n videolar\u0131<\/h2>\t\t\t\t<\/div>\n\t\t\t\t<\/div>\n\t\t\t\t\t<\/div>\n\t\t\t\t<\/div>\n\t\t<div class=\"elementor-element elementor-element-e35e2d2 e-flex e-con-boxed e-con e-parent\" data-id=\"e35e2d2\" data-element_type=\"container\" data-settings=\"{&quot;jet_parallax_layout_list&quot;:[]}\">\n\t\t\t\t\t<div class=\"e-con-inner\">\n\t\t<div class=\"elementor-element elementor-element-1f193ff e-con-full e-flex e-con e-child\" data-id=\"1f193ff\" data-element_type=\"container\" data-settings=\"{&quot;jet_parallax_layout_list&quot;:[]}\">\n\t\t\t\t<div class=\"elementor-element elementor-element-07ecb3b elementor-widget elementor-widget-html\" data-id=\"07ecb3b\" data-element_type=\"widget\" data-widget_type=\"html.default\">\n\t\t\t\t<div class=\"elementor-widget-container\">\n\t\t\t\t\t<style>.h_iframe-aparat_embed_frame{position:relative;}.h_iframe-aparat_embed_frame .ratio{display:block;width:100%;height:auto;}.h_iframe-aparat_embed_frame iframe{position:absolute;top:0;left:0;width:100%;height:100%;}<\/style><div class=\"h_iframe-aparat_embed_frame\"><span style=\"display: block;padding-top: 57%\"><\/span><iframe src=\"https:\/\/www.aparat.com\/video\/video\/embed\/videohash\/uhyfad1\/vt\/frame?titleShow=true&amp;recom=self\" allowfullscreen=\"true\" webkitallowfullscreen=\"true\" mozallowfullscreen=\"true\"><\/iframe><\/div>\t\t\t\t<\/div>\n\t\t\t\t<\/div>\n\t\t\t\t<\/div>\n\t\t<div class=\"elementor-element elementor-element-7bf16db e-con-full e-flex e-con e-child\" data-id=\"7bf16db\" data-element_type=\"container\" data-settings=\"{&quot;jet_parallax_layout_list&quot;:[]}\">\n\t\t\t\t<div class=\"elementor-element elementor-element-c6ec7dc elementor-widget elementor-widget-html\" data-id=\"c6ec7dc\" data-element_type=\"widget\" data-widget_type=\"html.default\">\n\t\t\t\t<div class=\"elementor-widget-container\">\n\t\t\t\t\t<style>.h_iframe-aparat_embed_frame{position:relative;}.h_iframe-aparat_embed_frame .ratio{display:block;width:100%;height:auto;}.h_iframe-aparat_embed_frame iframe{position:absolute;top:0;left:0;width:100%;height:100%;}<\/style><div class=\"h_iframe-aparat_embed_frame\"><span style=\"display: block;padding-top: 57%\"><\/span><iframe src=\"https:\/\/www.aparat.com\/video\/video\/embed\/videohash\/mey5w5p\/vt\/frame?titleShow=true&amp;recom=self\" allowfullscreen=\"true\" webkitallowfullscreen=\"true\" mozallowfullscreen=\"true\"><\/iframe><\/div>\t\t\t\t<\/div>\n\t\t\t\t<\/div>\n\t\t\t\t<\/div>\n\t\t\t\t\t<\/div>\n\t\t\t\t<\/div>\n\t\t\t\t<\/div>\n\t\t","protected":false},"excerpt":{"rendered":"<p>\u015ei\u0259 minb\u0259rl\u0259rinin beyn\u0259lxalq elitalar\u0131n\u0131n birinci toplant\u0131s\u0131 H\u0259zr\u0259t \u018fli \u018fs\u011f\u0259r (\u0259) \u00dcmumd\u00fcnya M\u0259clisinin katibi, 6 ild\u0259n sonra \u015ei\u0259 minb\u0259rl\u0259rinin beyn\u0259lxalq elitalar\u0131n\u0131n birinci toplant\u0131s\u0131nda \u0130mam H\u00fcseynin (\u0259) m\u00fcbar\u0259k k\u00f6yn\u0259yi il\u0259 ba\u011fl\u0131 t\u0259dqiqatlar\u0131n\u0131 t\u0259qdim etdi. Bu toplant\u0131 800-d\u0259n \u00e7ox h\u00f6vz\u0259 v\u0259 universitet aliml\u0259ri, x\u0259tibl\u0259r, \u015fairl\u0259r v\u0259 s\u0259n\u0259tkarlar\u0131n i\u015ftirak\u0131 il\u0259 R\u0259z\u0259vi m\u00fcq\u0259dd\u0259s h\u0259r\u0259mind\u0259 &#8220;M\u00f6ht\u0259r\u0259m Seyid\u00fc\u015f-\u015e\u00fch\u0259dan\u0131n (\u0259) k\u00f6yn\u0259yi, Qaimin (\u0259c) [&hellip;]<\/p>\n","protected":false},"author":4,"featured_media":0,"parent":0,"menu_order":0,"comment_status":"closed","ping_status":"closed","template":"","meta":{"footnotes":""},"class_list":["post-14450","page","type-page","status-publish","hentry"],"_links":{"self":[{"href":"https:\/\/atigh.org\/az\/wp-json\/wp\/v2\/pages\/14450","targetHints":{"allow":["GET"]}}],"collection":[{"href":"https:\/\/atigh.org\/az\/wp-json\/wp\/v2\/pages"}],"about":[{"href":"https:\/\/atigh.org\/az\/wp-json\/wp\/v2\/types\/page"}],"author":[{"embeddable":true,"href":"https:\/\/atigh.org\/az\/wp-json\/wp\/v2\/users\/4"}],"replies":[{"embeddable":true,"href":"https:\/\/atigh.org\/az\/wp-json\/wp\/v2\/comments?post=14450"}],"version-history":[{"count":9,"href":"https:\/\/atigh.org\/az\/wp-json\/wp\/v2\/pages\/14450\/revisions"}],"predecessor-version":[{"id":15190,"href":"https:\/\/atigh.org\/az\/wp-json\/wp\/v2\/pages\/14450\/revisions\/15190"}],"wp:attachment":[{"href":"https:\/\/atigh.org\/az\/wp-json\/wp\/v2\/media?parent=14450"}],"curies":[{"name":"wp","href":"https:\/\/api.w.org\/{rel}","templated":true}]}}