{"id":14462,"date":"2025-01-21T12:35:38","date_gmt":"2025-01-21T09:05:38","guid":{"rendered":"https:\/\/atigh.org\/canli-yayim\/"},"modified":"2025-04-05T11:47:29","modified_gmt":"2025-04-05T07:17:29","slug":"canli-yayim","status":"publish","type":"page","link":"https:\/\/atigh.org\/az\/canli-yayim\/","title":{"rendered":"Canl\u0131 yay\u0131m"},"content":{"rendered":"\t\t<div data-elementor-type=\"wp-page\" data-elementor-id=\"14462\" class=\"elementor elementor-14462 elementor-9502\" data-elementor-post-type=\"page\">\n\t\t\t\t<div class=\"elementor-element elementor-element-0c72734 e-flex e-con-boxed e-con e-parent\" data-id=\"0c72734\" data-element_type=\"container\" data-settings=\"{&quot;jet_parallax_layout_list&quot;:[]}\">\n\t\t\t\t\t<div class=\"e-con-inner\">\n\t\t\t\t<div class=\"elementor-element elementor-element-4666d2f elementor-widget elementor-widget-heading\" data-id=\"4666d2f\" data-element_type=\"widget\" data-widget_type=\"heading.default\">\n\t\t\t\t<div class=\"elementor-widget-container\">\n\t\t\t\t\t<h2 class=\"elementor-heading-title elementor-size-default\">Canl\u0131 yay\u0131m<\/h2>\t\t\t\t<\/div>\n\t\t\t\t<\/div>\n\t\t\t\t<div class=\"elementor-element elementor-element-0c38e0a elementor-widget elementor-widget-text-editor\" data-id=\"0c38e0a\" data-element_type=\"widget\" data-widget_type=\"text-editor.default\">\n\t\t\t\t<div class=\"elementor-widget-container\">\n\t\t\t\t\t\t\t\t\t<p style=\"text-align: center;\">Hal-haz\u0131rda canl\u0131 yay\u0131m \u00fc\u00e7\u00fcn bir proqram yoxdur.<\/p>\n\t\t\t\t\t\t\t\t<\/div>\n\t\t\t\t<\/div>\n\t\t\t\t\t<\/div>\n\t\t\t\t<\/div>\n\t\t\t\t<\/div>\n\t\t","protected":false},"excerpt":{"rendered":"<p>Canl\u0131 yay\u0131m Hal-haz\u0131rda canl\u0131 yay\u0131m \u00fc\u00e7\u00fcn bir proqram yoxdur.<\/p>\n","protected":false},"author":4,"featured_media":0,"parent":0,"menu_order":0,"comment_status":"closed","ping_status":"closed","template":"","meta":{"footnotes":""},"class_list":["post-14462","page","type-page","status-publish","hentry"],"_links":{"self":[{"href":"https:\/\/atigh.org\/az\/wp-json\/wp\/v2\/pages\/14462","targetHints":{"allow":["GET"]}}],"collection":[{"href":"https:\/\/atigh.org\/az\/wp-json\/wp\/v2\/pages"}],"about":[{"href":"https:\/\/atigh.org\/az\/wp-json\/wp\/v2\/types\/page"}],"author":[{"embeddable":true,"href":"https:\/\/atigh.org\/az\/wp-json\/wp\/v2\/users\/4"}],"replies":[{"embeddable":true,"href":"https:\/\/atigh.org\/az\/wp-json\/wp\/v2\/comments?post=14462"}],"version-history":[{"count":1,"href":"https:\/\/atigh.org\/az\/wp-json\/wp\/v2\/pages\/14462\/revisions"}],"predecessor-version":[{"id":14463,"href":"https:\/\/atigh.org\/az\/wp-json\/wp\/v2\/pages\/14462\/revisions\/14463"}],"wp:attachment":[{"href":"https:\/\/atigh.org\/az\/wp-json\/wp\/v2\/media?parent=14462"}],"curies":[{"name":"wp","href":"https:\/\/api.w.org\/{rel}","templated":true}]}}