{"id":14479,"date":"2025-01-18T15:39:43","date_gmt":"2025-01-18T12:09:43","guid":{"rendered":"https:\/\/atigh.org\/koyn%c9%99k-t%c9%99dqiqatlari\/"},"modified":"2025-04-08T10:54:26","modified_gmt":"2025-04-08T06:24:26","slug":"koyn%c9%99k-t%c9%99dqiqatlari","status":"publish","type":"page","link":"https:\/\/atigh.org\/az\/koyn%c9%99k-t%c9%99dqiqatlari\/","title":{"rendered":"K\u00f6yn\u0259k t\u0259dqiqatlar\u0131"},"content":{"rendered":"\t\t<div data-elementor-type=\"wp-page\" data-elementor-id=\"14479\" class=\"elementor elementor-14479 elementor-9510\" data-elementor-post-type=\"page\">\n\t\t\t\t<div class=\"elementor-element elementor-element-c954631 e-flex e-con-boxed e-con e-parent\" data-id=\"c954631\" data-element_type=\"container\" data-settings=\"{&quot;jet_parallax_layout_list&quot;:[]}\">\n\t\t\t\t\t<div class=\"e-con-inner\">\n\t\t\t\t<div class=\"elementor-element elementor-element-e10d004 elementor-widget elementor-widget-heading\" data-id=\"e10d004\" data-element_type=\"widget\" data-widget_type=\"heading.default\">\n\t\t\t\t<div class=\"elementor-widget-container\">\n\t\t\t\t\t<h2 class=\"elementor-heading-title elementor-size-default\">K\u00f6yn\u0259k t\u0259dqiqatlar\u0131<\/h2>\t\t\t\t<\/div>\n\t\t\t\t<\/div>\n\t\t\t\t<div class=\"elementor-element elementor-element-ce3dc69 elementor-widget__width-initial elementor-widget elementor-widget-text-editor\" data-id=\"ce3dc69\" data-element_type=\"widget\" data-widget_type=\"text-editor.default\">\n\t\t\t\t<div class=\"elementor-widget-container\">\n\t\t\t\t\t\t\t\t\t<p>H\u0259zr\u0259t Seyid\u00fc\u015f-\u015e\u00fch\u0259dan\u0131n <sup>(\u0259)<\/sup> m\u00f6ht\u0259r\u0259m k\u00f6yn\u0259yi, c\u0259nn\u0259td\u0259n bir h\u0259diyy\u0259 v\u0259 \u018fla E\u2019liyyind\u0259n bir ba\u011f\u0131\u015fd\u0131r; pey\u011f\u0259mb\u0259rl\u0259rin irsi v\u0259 mahiyy\u0259ti d\u0259rd il\u0259 doludur. Bu k\u00f6yn\u0259k ilahi bir t\u0259dbir il\u0259 ilk d\u0259f\u0259 H\u0259zr\u0259t Ad\u0259m\u0259 (\u0259) nazil olmu\u015f v\u0259 m\u0259na dolu s\u0259f\u0259rl\u0259ri il\u0259 124000 pey\u011f\u0259mb\u0259rin xilaskar\u0131na \u00e7evrilmi\u015fdir. Daha sonra on d\u00f6rd m\u0259sumlara <sup>(\u0259)<\/sup> \u00e7atd\u0131qdan sonra H\u0259zr\u0259t Siddiq\u0259 Tahir\u0259 <sup>(s.\u0259.)<\/sup> vasit\u0259sil\u0259 K\u0259rb\u0259laya g\u0259lmi\u015fdir. A\u015fura g\u00fcn\u00fc H\u0259zr\u0259t Seyid\u00fc\u015f-\u015e\u00fch\u0259dan\u0131n <sup>(\u0259)<\/sup> pak v\u00fccuduna geydirilmi\u015f v\u0259 n\u0259hay\u0259t z\u00fchur zaman\u0131, d\u00fcnya haqq-sev\u0259rlik v\u0259 intiqam\u0131 \u00fc\u00e7\u00fcn H\u0259zr\u0259t B\u0259qiyy\u0259tullah \u018fl-\u018fz\u0259m <sup>(\u0259.c)<\/sup> t\u0259r\u0259find\u0259n n\u00fcmayi\u015f olunacaqd\u0131r. B\u00f6y\u00fck Qiyam\u0259t g\u00fcn\u00fc is\u0259 H\u0259zr\u0259t Siddiq\u0259 Tahir\u0259 <sup>(s.\u0259.)<\/sup> onu Allah qar\u015f\u0131s\u0131nda tutaraq intiqam t\u0259l\u0259b ed\u0259c\u0259kdir. <\/p>\n\t\t\t\t\t\t\t\t<\/div>\n\t\t\t\t<\/div>\n\t\t\t\t\t<\/div>\n\t\t\t\t<\/div>\n\t\t<div class=\"elementor-element elementor-element-3d4a364 e-con-full e-flex e-con e-parent\" data-id=\"3d4a364\" data-element_type=\"container\" data-settings=\"{&quot;background_background&quot;:&quot;classic&quot;,&quot;jet_parallax_layout_list&quot;:[]}\">\n\t\t<div class=\"elementor-element elementor-element-dc1056f e-grid e-con-boxed e-con e-child\" data-id=\"dc1056f\" data-element_type=\"container\" data-settings=\"{&quot;jet_parallax_layout_list&quot;:[]}\">\n\t\t\t\t\t<div class=\"e-con-inner\">\n\t\t\t\t<div class=\"elementor-element elementor-element-d5788f0 elementor-widget elementor-widget-image\" data-id=\"d5788f0\" data-element_type=\"widget\" data-widget_type=\"image.default\">\n\t\t\t\t<div class=\"elementor-widget-container\">\n\t\t\t\t\t\t\t\t\t\t\t\t\t\t\t\t<a href=\"https:\/\/atigh.org\/az\/seyyidussuh%c9%99danin-%c9%99-muq%c9%99dd%c9%99s-koyn%c9%99yi-il%c9%99-bagli-t%c9%99dqiqatlarin-xulas%c9%99si\/\">\n\t\t\t\t\t\t\t<img fetchpriority=\"high\" decoding=\"async\" width=\"486\" height=\"444\" src=\"https:\/\/atigh.org\/wp-content\/uploads\/2025\/04\/Res_Az-1.png\" class=\"attachment-large size-large wp-image-14702\" alt=\"\" srcset=\"https:\/\/atigh.org\/wp-content\/uploads\/2025\/04\/Res_Az-1.png 486w, https:\/\/atigh.org\/wp-content\/uploads\/2025\/04\/Res_Az-1-300x274.png 300w\" sizes=\"(max-width: 486px) 100vw, 486px\" \/>\t\t\t\t\t\t\t\t<\/a>\n\t\t\t\t\t\t\t\t\t\t\t\t\t\t\t<\/div>\n\t\t\t\t<\/div>\n\t\t\t\t<div class=\"elementor-element elementor-element-702389a elementor-widget elementor-widget-image\" data-id=\"702389a\" data-element_type=\"widget\" data-widget_type=\"image.default\">\n\t\t\t\t<div class=\"elementor-widget-container\">\n\t\t\t\t\t\t\t\t\t\t\t\t\t\t\t\t<a href=\"https:\/\/atigh.org\/az\/seyyidussuh%c9%99danin-%c9%99-muq%c9%99dd%c9%99s-koyn%c9%99yi-il%c9%99-bagli-t%c9%99dqiqatlarin-z%c9%99ruriyy%c9%99ti\/\">\n\t\t\t\t\t\t\t<img decoding=\"async\" width=\"486\" height=\"444\" src=\"https:\/\/atigh.org\/wp-content\/uploads\/2025\/04\/ResNec_Az-1.png\" class=\"attachment-large size-large wp-image-14720\" alt=\"\" srcset=\"https:\/\/atigh.org\/wp-content\/uploads\/2025\/04\/ResNec_Az-1.png 486w, https:\/\/atigh.org\/wp-content\/uploads\/2025\/04\/ResNec_Az-1-300x274.png 300w\" sizes=\"(max-width: 486px) 100vw, 486px\" \/>\t\t\t\t\t\t\t\t<\/a>\n\t\t\t\t\t\t\t\t\t\t\t\t\t\t\t<\/div>\n\t\t\t\t<\/div>\n\t\t\t\t<div class=\"elementor-element elementor-element-1a45b69 elementor-widget elementor-widget-image\" data-id=\"1a45b69\" data-element_type=\"widget\" data-widget_type=\"image.default\">\n\t\t\t\t<div class=\"elementor-widget-container\">\n\t\t\t\t\t\t\t\t\t\t\t\t\t\t\t\t<a href=\"https:\/\/atigh.org\/az\/h%c9%99zr%c9%99t-seyyidussuh%c9%99danin-%c9%99-muq%c9%99dd%c9%99s-koyn%c9%99yi-il%c9%99-bagli-t%c9%99dqiqatlarin-m%c9%99nb%c9%99l%c9%99ri-v%c9%99-istinadlari\/\">\n\t\t\t\t\t\t\t<img decoding=\"async\" width=\"486\" height=\"444\" src=\"https:\/\/atigh.org\/wp-content\/uploads\/2025\/04\/ResSource_Az-1.png\" class=\"attachment-large size-large wp-image-14708\" alt=\"\" srcset=\"https:\/\/atigh.org\/wp-content\/uploads\/2025\/04\/ResSource_Az-1.png 486w, https:\/\/atigh.org\/wp-content\/uploads\/2025\/04\/ResSource_Az-1-300x274.png 300w\" sizes=\"(max-width: 486px) 100vw, 486px\" \/>\t\t\t\t\t\t\t\t<\/a>\n\t\t\t\t\t\t\t\t\t\t\t\t\t\t\t<\/div>\n\t\t\t\t<\/div>\n\t\t\t\t\t<\/div>\n\t\t\t\t<\/div>\n\t\t\t\t<\/div>\n\t\t<div class=\"elementor-element elementor-element-900bd92 e-con-full e-flex e-con e-parent\" data-id=\"900bd92\" data-element_type=\"container\" data-settings=\"{&quot;jet_parallax_layout_list&quot;:[]}\">\n\t\t\t\t<div class=\"elementor-element elementor-element-73012cf elementor-widget elementor-widget-heading\" data-id=\"73012cf\" data-element_type=\"widget\" data-widget_type=\"heading.default\">\n\t\t\t\t<div class=\"elementor-widget-container\">\n\t\t\t\t\t<h2 class=\"elementor-heading-title elementor-size-default\">M\u00f6ht\u0259r\u0259m Seyid\u00fc\u015f-\u015e\u00fch\u0259dan\u0131n (\u0259) k\u00f6yn\u0259yinin s\u0259yah\u0259tl\u0259ri v\u0259 s\u0259f\u0259rl\u0259ri <\/h2>\t\t\t\t<\/div>\n\t\t\t\t<\/div>\n\t\t\t\t<div class=\"elementor-element elementor-element-60ebc20 elementor-widget elementor-widget-image\" data-id=\"60ebc20\" data-element_type=\"widget\" data-widget_type=\"image.default\">\n\t\t\t\t<div class=\"elementor-widget-container\">\n\t\t\t\t\t\t\t\t\t\t\t\t\t\t\t\t<a href=\"https:\/\/atigh.org\/wp-content\/uploads\/2025\/01\/Shajarename.png\" data-elementor-open-lightbox=\"yes\" data-elementor-lightbox-title=\"Shajarename\" data-e-action-hash=\"#elementor-action%3Aaction%3Dlightbox%26settings%3DeyJpZCI6MTQ0OTEsInVybCI6Imh0dHBzOlwvXC9hdGlnaC5vcmdcL3dwLWNvbnRlbnRcL3VwbG9hZHNcLzIwMjVcLzAxXC9TaGFqYXJlbmFtZS5wbmcifQ%3D%3D\">\n\t\t\t\t\t\t\t<img loading=\"lazy\" decoding=\"async\" width=\"1901\" height=\"679\" src=\"https:\/\/atigh.org\/wp-content\/uploads\/2025\/01\/Shajarename.png\" class=\"attachment-full size-full wp-image-14491\" alt=\"\" srcset=\"https:\/\/atigh.org\/wp-content\/uploads\/2025\/01\/Shajarename.png 1901w, https:\/\/atigh.org\/wp-content\/uploads\/2025\/01\/Shajarename-300x107.png 300w, https:\/\/atigh.org\/wp-content\/uploads\/2025\/01\/Shajarename-1024x366.png 1024w, https:\/\/atigh.org\/wp-content\/uploads\/2025\/01\/Shajarename-768x274.png 768w, https:\/\/atigh.org\/wp-content\/uploads\/2025\/01\/Shajarename-1536x549.png 1536w\" sizes=\"(max-width: 1901px) 100vw, 1901px\" \/>\t\t\t\t\t\t\t\t<\/a>\n\t\t\t\t\t\t\t\t\t\t\t\t\t\t\t<\/div>\n\t\t\t\t<\/div>\n\t\t\t\t<\/div>\n\t\t<div class=\"elementor-element elementor-element-f7c3c71 e-flex e-con-boxed e-con e-parent\" data-id=\"f7c3c71\" data-element_type=\"container\" data-settings=\"{&quot;jet_parallax_layout_list&quot;:[]}\">\n\t\t\t\t\t<div class=\"e-con-inner\">\n\t\t\t\t<div class=\"elementor-element elementor-element-ac07dad elementor-widget elementor-widget-image\" data-id=\"ac07dad\" data-element_type=\"widget\" data-widget_type=\"image.default\">\n\t\t\t\t<div class=\"elementor-widget-container\">\n\t\t\t\t\t\t\t\t\t\t\t\t\t\t\t\t<a href=\"https:\/\/atigh.org\/az\/seyidussuh%c9%99danin-koyn%c9%99yi-haqqinda\/\">\n\t\t\t\t\t\t\t<img loading=\"lazy\" decoding=\"async\" width=\"1539\" height=\"309\" src=\"https:\/\/atigh.org\/wp-content\/uploads\/2025\/04\/Down_Az-1.png\" class=\"attachment-full size-full wp-image-14716\" alt=\"\" srcset=\"https:\/\/atigh.org\/wp-content\/uploads\/2025\/04\/Down_Az-1.png 1539w, https:\/\/atigh.org\/wp-content\/uploads\/2025\/04\/Down_Az-1-300x60.png 300w, https:\/\/atigh.org\/wp-content\/uploads\/2025\/04\/Down_Az-1-1024x206.png 1024w, https:\/\/atigh.org\/wp-content\/uploads\/2025\/04\/Down_Az-1-768x154.png 768w, https:\/\/atigh.org\/wp-content\/uploads\/2025\/04\/Down_Az-1-1536x308.png 1536w\" sizes=\"(max-width: 1539px) 100vw, 1539px\" \/>\t\t\t\t\t\t\t\t<\/a>\n\t\t\t\t\t\t\t\t\t\t\t\t\t\t\t<\/div>\n\t\t\t\t<\/div>\n\t\t\t\t\t<\/div>\n\t\t\t\t<\/div>\n\t\t\t\t<\/div>\n\t\t","protected":false},"excerpt":{"rendered":"<p>K\u00f6yn\u0259k t\u0259dqiqatlar\u0131 H\u0259zr\u0259t Seyid\u00fc\u015f-\u015e\u00fch\u0259dan\u0131n (\u0259) m\u00f6ht\u0259r\u0259m k\u00f6yn\u0259yi, c\u0259nn\u0259td\u0259n bir h\u0259diyy\u0259 v\u0259 \u018fla E\u2019liyyind\u0259n bir ba\u011f\u0131\u015fd\u0131r; pey\u011f\u0259mb\u0259rl\u0259rin irsi v\u0259 mahiyy\u0259ti d\u0259rd il\u0259 doludur. Bu k\u00f6yn\u0259k ilahi bir t\u0259dbir il\u0259 ilk d\u0259f\u0259 H\u0259zr\u0259t Ad\u0259m\u0259 (\u0259) nazil olmu\u015f v\u0259 m\u0259na dolu s\u0259f\u0259rl\u0259ri il\u0259 124000 pey\u011f\u0259mb\u0259rin xilaskar\u0131na \u00e7evrilmi\u015fdir. Daha sonra on d\u00f6rd m\u0259sumlara (\u0259) \u00e7atd\u0131qdan sonra H\u0259zr\u0259t Siddiq\u0259 Tahir\u0259 [&hellip;]<\/p>\n","protected":false},"author":4,"featured_media":0,"parent":0,"menu_order":0,"comment_status":"closed","ping_status":"closed","template":"","meta":{"footnotes":""},"class_list":["post-14479","page","type-page","status-publish","hentry"],"_links":{"self":[{"href":"https:\/\/atigh.org\/az\/wp-json\/wp\/v2\/pages\/14479","targetHints":{"allow":["GET"]}}],"collection":[{"href":"https:\/\/atigh.org\/az\/wp-json\/wp\/v2\/pages"}],"about":[{"href":"https:\/\/atigh.org\/az\/wp-json\/wp\/v2\/types\/page"}],"author":[{"embeddable":true,"href":"https:\/\/atigh.org\/az\/wp-json\/wp\/v2\/users\/4"}],"replies":[{"embeddable":true,"href":"https:\/\/atigh.org\/az\/wp-json\/wp\/v2\/comments?post=14479"}],"version-history":[{"count":4,"href":"https:\/\/atigh.org\/az\/wp-json\/wp\/v2\/pages\/14479\/revisions"}],"predecessor-version":[{"id":14926,"href":"https:\/\/atigh.org\/az\/wp-json\/wp\/v2\/pages\/14479\/revisions\/14926"}],"wp:attachment":[{"href":"https:\/\/atigh.org\/az\/wp-json\/wp\/v2\/media?parent=14479"}],"curies":[{"name":"wp","href":"https:\/\/api.w.org\/{rel}","templated":true}]}}