{"id":14501,"date":"2025-01-25T13:03:23","date_gmt":"2025-01-25T09:33:23","guid":{"rendered":"https:\/\/atigh.org\/si%c9%99-minb%c9%99rl%c9%99rinin-dorduncu-toplantisi\/"},"modified":"2025-05-04T09:45:20","modified_gmt":"2025-05-04T05:15:20","slug":"si%c9%99-minb%c9%99rl%c9%99rinin-dorduncu-toplantisi","status":"publish","type":"page","link":"https:\/\/atigh.org\/az\/si%c9%99-minb%c9%99rl%c9%99rinin-dorduncu-toplantisi\/","title":{"rendered":"\u015ei\u0259 minb\u0259rl\u0259rinin d\u00f6rd\u00fcnc\u00fc toplant\u0131s\u0131"},"content":{"rendered":"\t\t<div data-elementor-type=\"wp-page\" data-elementor-id=\"14501\" class=\"elementor elementor-14501 elementor-10593\" data-elementor-post-type=\"page\">\n\t\t\t\t<div class=\"elementor-element elementor-element-b831217 e-flex e-con-boxed e-con e-parent\" data-id=\"b831217\" data-element_type=\"container\" data-settings=\"{&quot;jet_parallax_layout_list&quot;:[]}\">\n\t\t\t\t\t<div class=\"e-con-inner\">\n\t\t\t\t<div class=\"elementor-element elementor-element-563a83c elementor-widget elementor-widget-heading\" data-id=\"563a83c\" data-element_type=\"widget\" data-widget_type=\"heading.default\">\n\t\t\t\t<div class=\"elementor-widget-container\">\n\t\t\t\t\t<h2 class=\"elementor-heading-title elementor-size-default\">\u015ei\u0259 minb\u0259rl\u0259rinin beyn\u0259lxalq elitalar\u0131n\u0131n d\u00f6rd\u00fcnc\u00fc toplant\u0131s\u0131<\/h2>\t\t\t\t<\/div>\n\t\t\t\t<\/div>\n\t\t\t\t\t<\/div>\n\t\t\t\t<\/div>\n\t\t<div class=\"elementor-element elementor-element-5856c80 e-flex e-con-boxed e-con e-parent\" data-id=\"5856c80\" data-element_type=\"container\" data-settings=\"{&quot;jet_parallax_layout_list&quot;:[]}\">\n\t\t\t\t\t<div class=\"e-con-inner\">\n\t\t<div class=\"elementor-element elementor-element-903b614 e-con-full e-flex e-con e-child\" data-id=\"903b614\" data-element_type=\"container\" data-settings=\"{&quot;jet_parallax_layout_list&quot;:[]}\">\n\t\t\t\t<div class=\"elementor-element elementor-element-5b76a52 elementor-widget elementor-widget-text-editor\" data-id=\"5b76a52\" data-element_type=\"widget\" data-widget_type=\"text-editor.default\">\n\t\t\t\t<div class=\"elementor-widget-container\">\n\t\t\t\t\t\t\t\t\t<h2 dir=\"ltr\">M\u00f6vzular<\/h2><ul dir=\"ltr\"><li>M\u00f6ht\u0259r\u0259m Seyid\u00fc\u015f-\u015e\u00fch\u0259dan\u0131n <sup>(\u0259)<\/sup> k\u00f6yn\u0259yi Qaimin <sup>(\u0259.c)<\/sup> qiyam bayra\u011f\u0131d\u0131r.<\/li><\/ul><ul dir=\"ltr\"><li>\u015ei\u0259 \u00fc\u00e7\u00fcn strateji h\u0259rt\u0259r\u0259fli x\u0259rit\u0259nin \u00e7\u0259kilm\u0259si, K\u0259rb\u0259lan\u0131n h\u0259yatverici co\u011frafiyas\u0131n\u0131n a\u00e7\u0131qlanmas\u0131na v\u0259 z\u00fchurun haz\u0131rl\u0131\u011f\u0131 \u00fc\u00e7\u00fcn \u015fi\u0259nin t\u0259chizat\u0131na n\u0259zar\u0259t edir.<\/li><\/ul>\t\t\t\t\t\t\t\t<\/div>\n\t\t\t\t<\/div>\n\t\t\t\t<div class=\"elementor-element elementor-element-cbb13de elementor-widget elementor-widget-text-editor\" data-id=\"cbb13de\" data-element_type=\"widget\" data-widget_type=\"text-editor.default\">\n\t\t\t\t<div class=\"elementor-widget-container\">\n\t\t\t\t\t\t\t\t\t<h2 dir=\"ltr\"><span class=\"p\" dir=\"rtl\" style=\"color: #ba9376;\">Toplant\u0131n\u0131n m\u0259qs\u0259dl\u0259ri<br \/><\/span><\/h2><ul dir=\"ltr\"><li>\u015ei\u0259 minb\u0259r sahibl\u0259rinin ruhland\u0131r\u0131lmas\u0131, m\u00f6ht\u0259r\u0259m H\u0259zr\u0259t \u018fba \u018fbdillah H\u00fcseynin <sup>(\u0259)<\/sup> k\u00f6yn\u0259yi il\u0259 ba\u011fl\u0131 ill\u0259rl\u0259 apar\u0131lm\u0131\u015f t\u0259dqiqatlar\u0131n t\u0259qdimat\u0131 il\u0259.<\/li><\/ul><p dir=\"ltr\">\u00a0<\/p><ul dir=\"ltr\"><li><span class=\"p\" dir=\"rtl\">K\u0259rb\u0259lan\u0131n qloballa\u015fd\u0131r\u0131lmas\u0131n\u0131n vacibliyinin a\u00e7\u0131qlanmas\u0131 v\u0259 K\u0259rb\u0259lalar\u0131n z\u00fchurdan \u0259vv\u0259l \u015ei\u0259 \u00fc\u00e7\u00fcn h\u0259yatverici co\u011frafiya olmas\u0131.<\/span><\/li><\/ul>\t\t\t\t\t\t\t\t<\/div>\n\t\t\t\t<\/div>\n\t\t\t\t<\/div>\n\t\t<div class=\"elementor-element elementor-element-abea6af e-con-full e-flex e-con e-child\" data-id=\"abea6af\" data-element_type=\"container\" data-settings=\"{&quot;jet_parallax_layout_list&quot;:[]}\">\n\t\t\t\t<div class=\"elementor-element elementor-element-ae92f42 elementor-widget__width-initial elementor-widget elementor-widget-video\" data-id=\"ae92f42\" data-element_type=\"widget\" data-settings=\"{&quot;video_type&quot;:&quot;hosted&quot;,&quot;controls&quot;:&quot;yes&quot;}\" data-widget_type=\"video.default\">\n\t\t\t\t<div class=\"elementor-widget-container\">\n\t\t\t\t\t\t\t<div class=\"e-hosted-video elementor-wrapper elementor-open-inline\">\n\t\t\t\t\t<video class=\"elementor-video\" src=\"https:\/\/atigh.org\/wp-content\/uploads\/2025\/03\/Tizer-Ejlas4.mp4\" controls=\"\" preload=\"metadata\" controlsList=\"nodownload\"><\/video>\n\t\t\t\t<\/div>\n\t\t\t\t\t\t<\/div>\n\t\t\t\t<\/div>\n\t\t\t\t<\/div>\n\t\t\t\t\t<\/div>\n\t\t\t\t<\/div>\n\t\t<div class=\"elementor-element elementor-element-435208a e-flex e-con-boxed e-con e-parent\" data-id=\"435208a\" data-element_type=\"container\" data-settings=\"{&quot;jet_parallax_layout_list&quot;:[]}\">\n\t\t\t\t\t<div class=\"e-con-inner\">\n\t\t<div class=\"elementor-element elementor-element-2ad18db e-con-full e-flex e-con e-child\" data-id=\"2ad18db\" data-element_type=\"container\" data-settings=\"{&quot;jet_parallax_layout_list&quot;:[]}\">\n\t\t\t\t<div class=\"elementor-element elementor-element-d26f891 elementor-widget elementor-widget-text-editor\" data-id=\"d26f891\" data-element_type=\"widget\" data-widget_type=\"text-editor.default\">\n\t\t\t\t<div class=\"elementor-widget-container\">\n\t\t\t\t\t\t\t\t\t<p>\u015ei\u0259 minb\u0259rl\u0259rinin beyn\u0259lxalq elitalar toplant\u0131s\u0131, H\u0259zr\u0259t \u018fli \u018fs\u011f\u0259r <sup>(\u0259)<\/sup> \u00dcmumd\u00fcnya M\u0259clisinin katibi Davud Manafipurun, m\u00f6ht\u0259r\u0259m Seyid\u00fc\u015f-\u015e\u00fch\u0259dan\u0131n <sup>(\u0259)<\/sup> k\u00f6yn\u0259yi il\u0259 ba\u011fl\u0131 ill\u0259rl\u0259 apard\u0131\u011f\u0131 t\u0259dqiqatlar\u0131n t\u0259qdimat\u0131d\u0131r. Bu toplant\u0131 \u00fc\u00e7 \u0259vv\u0259lki t\u0259dbird\u0259 60 mill\u0259td\u0259n 1600-d\u0259n \u00e7ox h\u00f6vz\u0259 v\u0259 universitet m\u00fc\u0259lliml\u0259ri, \u015fairl\u0259r, m\u0259d\u0259niyy\u0259t v\u0259 media elitalar\u0131, m\u00fcxt\u0259lif sah\u0259l\u0259rd\u0259n s\u0259n\u0259tkarlar\u0131n i\u015ftirak\u0131 il\u0259 H\u0259zr\u0259t \u018fli ibn Musa \u0259r-Rzan\u0131n <sup>(\u0259)<\/sup> h\u0259r\u0259mind\u0259, C\u0259mk\u0259ran m\u0259scidind\u0259 v\u0259 H\u0259zr\u0259t \u018fba \u018fbdillah H\u00fcseynin <sup>(\u0259)<\/sup> h\u0259r\u0259mind\u0259 ke\u00e7irilmi\u015fdir.<\/p>\n<\/p>\n<p>Bu d\u0259f\u0259 \u015ei\u0259 minb\u0259rl\u0259rinin beyn\u0259lxalq elitalar\u0131n\u0131n d\u00f6rd\u00fcnc\u00fc toplant\u0131s\u0131, m\u00fcxt\u0259lif mill\u0259tl\u0259rd\u0259n olan 500-d\u0259n \u00e7ox t\u0259dqiqat\u00e7\u0131, alim v\u0259 m\u00fcxt\u0259lif sah\u0259l\u0259rd\u0259n s\u0259n\u0259tkarlar\u0131n i\u015ftirak\u0131 il\u0259 M\u00fcq\u0259dd\u0259s K\u0259rb\u0259la \u015f\u0259h\u0259rind\u0259 H\u0259zr\u0259t \u018fba \u018fbdillah H\u00fcseynin <sup>(\u0259)<\/sup> m\u00fcq\u0259dd\u0259s h\u0259r\u0259mind\u0259 ke\u00e7iril\u0259c\u0259kdir.<\/p>\n<\/p>\n<p>Beyn\u0259lxalq \u201cS\u0259fin\u0259t\u00fcn-N\u0259cat\u201d mat\u0259m m\u0259rasiminin yekun t\u0259dbiri v\u0259 m\u00f6ht\u0259r\u0259m Seyid\u00fc\u015f-\u015e\u00fch\u0259dan\u0131n <sup>(\u0259)<\/sup> k\u00f6yn\u0259yi m\u00f6vzusunda bu t\u0259dbirin qalibl\u0259rinin t\u0259qdimat\u0131, bu toplant\u0131n\u0131n \u0259n m\u00fch\u00fcm proqramlar\u0131ndand\u0131r.<\/p>\n<\/p>\n<p>Qoy bu h\u0259r\u0259k\u0259t K\u0259rb\u0259lan\u0131n \u0259b\u0259di mesaj\u0131n\u0131 d\u00fcnyaya t\u0259qdim etsin; b\u0259\u015f\u0259riyy\u0259t \u00fc\u00e7\u00fcn h\u0259r bir d\u00f6vrd\u0259 v\u0259 zamanda hiday\u0259t \u00e7\u0131ra\u011f\u0131 v\u0259 nicat g\u0259misi olan mesaj.<\/p>\n\t\t\t\t\t\t\t\t<\/div>\n\t\t\t\t<\/div>\n\t\t\t\t<\/div>\n\t\t<div class=\"elementor-element elementor-element-17ecb59 e-con-full elementor-hidden-mobile e-flex e-con e-child\" data-id=\"17ecb59\" data-element_type=\"container\" data-settings=\"{&quot;jet_parallax_layout_list&quot;:[]}\">\n\t\t\t\t<div class=\"elementor-element elementor-element-f809623 elementor-widget elementor-widget-image\" data-id=\"f809623\" data-element_type=\"widget\" data-widget_type=\"image.default\">\n\t\t\t\t<div class=\"elementor-widget-container\">\n\t\t\t\t\t\t\t\t\t\t\t\t\t\t\t<img fetchpriority=\"high\" decoding=\"async\" width=\"800\" height=\"534\" src=\"https:\/\/atigh.org\/wp-content\/uploads\/2025\/04\/con406-1024x683.webp\" class=\"attachment-large size-large wp-image-15555\" alt=\"\" srcset=\"https:\/\/atigh.org\/wp-content\/uploads\/2025\/04\/con406-1024x683.webp 1024w, https:\/\/atigh.org\/wp-content\/uploads\/2025\/04\/con406-300x200.webp 300w, https:\/\/atigh.org\/wp-content\/uploads\/2025\/04\/con406-768x512.webp 768w, https:\/\/atigh.org\/wp-content\/uploads\/2025\/04\/con406.webp 1080w\" sizes=\"(max-width: 800px) 100vw, 800px\" \/>\t\t\t\t\t\t\t\t\t\t\t\t\t\t\t<\/div>\n\t\t\t\t<\/div>\n\t\t\t\t<div class=\"elementor-element elementor-element-7e7bb44 elementor-widget elementor-widget-gallery\" data-id=\"7e7bb44\" data-element_type=\"widget\" data-settings=\"{&quot;gallery_layout&quot;:&quot;masonry&quot;,&quot;columns&quot;:2,&quot;columns_mobile&quot;:2,&quot;lazyload&quot;:&quot;yes&quot;,&quot;columns_tablet&quot;:2,&quot;gap&quot;:{&quot;unit&quot;:&quot;px&quot;,&quot;size&quot;:10,&quot;sizes&quot;:[]},&quot;gap_tablet&quot;:{&quot;unit&quot;:&quot;px&quot;,&quot;size&quot;:10,&quot;sizes&quot;:[]},&quot;gap_mobile&quot;:{&quot;unit&quot;:&quot;px&quot;,&quot;size&quot;:10,&quot;sizes&quot;:[]},&quot;link_to&quot;:&quot;file&quot;,&quot;overlay_background&quot;:&quot;yes&quot;,&quot;content_hover_animation&quot;:&quot;fade-in&quot;}\" data-widget_type=\"gallery.default\">\n\t\t\t\t<div class=\"elementor-widget-container\">\n\t\t\t\t\t\t\t<div class=\"elementor-gallery__container\">\n\t\t\t\t\t\t\t<a class=\"e-gallery-item elementor-gallery-item elementor-animated-content\" href=\"https:\/\/atigh.org\/wp-content\/uploads\/2025\/04\/con407.webp\" data-elementor-open-lightbox=\"yes\" data-elementor-lightbox-slideshow=\"7e7bb44\" data-elementor-lightbox-title=\"con407\" data-e-action-hash=\"#elementor-action%3Aaction%3Dlightbox%26settings%3DeyJpZCI6MTU1NjAsInVybCI6Imh0dHBzOlwvXC9hdGlnaC5vcmdcL3dwLWNvbnRlbnRcL3VwbG9hZHNcLzIwMjVcLzA0XC9jb240MDcud2VicCIsInNsaWRlc2hvdyI6IjdlN2JiNDQifQ%3D%3D\">\n\t\t\t\t\t<div class=\"e-gallery-image elementor-gallery-item__image\" data-thumbnail=\"https:\/\/atigh.org\/wp-content\/uploads\/2025\/04\/con407-300x200.webp\" data-width=\"300\" data-height=\"200\" aria-label=\"\" role=\"img\" ><\/div>\n\t\t\t\t\t\t\t\t\t\t\t<div class=\"elementor-gallery-item__overlay\"><\/div>\n\t\t\t\t\t\t\t\t\t\t\t\t\t\t<\/a>\n\t\t\t\t\t\t\t<a class=\"e-gallery-item elementor-gallery-item elementor-animated-content\" href=\"https:\/\/atigh.org\/wp-content\/uploads\/2025\/04\/con405.webp\" data-elementor-open-lightbox=\"yes\" data-elementor-lightbox-slideshow=\"7e7bb44\" data-elementor-lightbox-title=\"con405\" data-e-action-hash=\"#elementor-action%3Aaction%3Dlightbox%26settings%3DeyJpZCI6MTU1NTAsInVybCI6Imh0dHBzOlwvXC9hdGlnaC5vcmdcL3dwLWNvbnRlbnRcL3VwbG9hZHNcLzIwMjVcLzA0XC9jb240MDUud2VicCIsInNsaWRlc2hvdyI6IjdlN2JiNDQifQ%3D%3D\">\n\t\t\t\t\t<div class=\"e-gallery-image elementor-gallery-item__image\" data-thumbnail=\"https:\/\/atigh.org\/wp-content\/uploads\/2025\/04\/con405-300x200.webp\" data-width=\"300\" data-height=\"200\" aria-label=\"\" role=\"img\" ><\/div>\n\t\t\t\t\t\t\t\t\t\t\t<div class=\"elementor-gallery-item__overlay\"><\/div>\n\t\t\t\t\t\t\t\t\t\t\t\t\t\t<\/a>\n\t\t\t\t\t\t\t<a class=\"e-gallery-item elementor-gallery-item elementor-animated-content\" href=\"https:\/\/atigh.org\/wp-content\/uploads\/2025\/04\/con402.webp\" data-elementor-open-lightbox=\"yes\" data-elementor-lightbox-slideshow=\"7e7bb44\" data-elementor-lightbox-title=\"con402\" data-e-action-hash=\"#elementor-action%3Aaction%3Dlightbox%26settings%3DeyJpZCI6MTU1NzUsInVybCI6Imh0dHBzOlwvXC9hdGlnaC5vcmdcL3dwLWNvbnRlbnRcL3VwbG9hZHNcLzIwMjVcLzA0XC9jb240MDIud2VicCIsInNsaWRlc2hvdyI6IjdlN2JiNDQifQ%3D%3D\">\n\t\t\t\t\t<div class=\"e-gallery-image elementor-gallery-item__image\" data-thumbnail=\"https:\/\/atigh.org\/wp-content\/uploads\/2025\/04\/con402-300x200.webp\" data-width=\"300\" data-height=\"200\" aria-label=\"\" role=\"img\" ><\/div>\n\t\t\t\t\t\t\t\t\t\t\t<div class=\"elementor-gallery-item__overlay\"><\/div>\n\t\t\t\t\t\t\t\t\t\t\t\t\t\t<\/a>\n\t\t\t\t\t\t\t<a class=\"e-gallery-item elementor-gallery-item elementor-animated-content\" href=\"https:\/\/atigh.org\/wp-content\/uploads\/2025\/04\/con403.webp\" data-elementor-open-lightbox=\"yes\" data-elementor-lightbox-slideshow=\"7e7bb44\" data-elementor-lightbox-title=\"con403\" data-e-action-hash=\"#elementor-action%3Aaction%3Dlightbox%26settings%3DeyJpZCI6MTU1ODAsInVybCI6Imh0dHBzOlwvXC9hdGlnaC5vcmdcL3dwLWNvbnRlbnRcL3VwbG9hZHNcLzIwMjVcLzA0XC9jb240MDMud2VicCIsInNsaWRlc2hvdyI6IjdlN2JiNDQifQ%3D%3D\">\n\t\t\t\t\t<div class=\"e-gallery-image elementor-gallery-item__image\" data-thumbnail=\"https:\/\/atigh.org\/wp-content\/uploads\/2025\/04\/con403-300x200.webp\" data-width=\"300\" data-height=\"200\" aria-label=\"\" role=\"img\" ><\/div>\n\t\t\t\t\t\t\t\t\t\t\t<div class=\"elementor-gallery-item__overlay\"><\/div>\n\t\t\t\t\t\t\t\t\t\t\t\t\t\t<\/a>\n\t\t\t\t\t<\/div>\n\t\t\t\t\t<\/div>\n\t\t\t\t<\/div>\n\t\t\t\t<\/div>\n\t\t\t\t\t<\/div>\n\t\t\t\t<\/div>\n\t\t<div class=\"elementor-element elementor-element-410c3a1 e-grid e-con-full e-con e-child\" data-id=\"410c3a1\" data-element_type=\"container\" data-settings=\"{&quot;jet_parallax_layout_list&quot;:[]}\">\n\t\t\t\t<div class=\"elementor-element elementor-element-39dabb0 elementor-widget elementor-widget-image\" data-id=\"39dabb0\" data-element_type=\"widget\" data-widget_type=\"image.default\">\n\t\t\t\t<div class=\"elementor-widget-container\">\n\t\t\t\t\t\t\t\t\t\t\t\t\t\t\t\t<a href=\"https:\/\/atigh.org\/wp-content\/uploads\/2025\/05\/Ejlas4Aud.mp3\">\n\t\t\t\t\t\t\t<img decoding=\"async\" width=\"486\" height=\"444\" src=\"https:\/\/atigh.org\/wp-content\/uploads\/2025\/05\/AudDown_Az.png\" class=\"attachment-large size-large wp-image-14971\" alt=\"\" srcset=\"https:\/\/atigh.org\/wp-content\/uploads\/2025\/05\/AudDown_Az.png 486w, https:\/\/atigh.org\/wp-content\/uploads\/2025\/05\/AudDown_Az-300x274.png 300w\" sizes=\"(max-width: 486px) 100vw, 486px\" \/>\t\t\t\t\t\t\t\t<\/a>\n\t\t\t\t\t\t\t\t\t\t\t\t\t\t\t<\/div>\n\t\t\t\t<\/div>\n\t\t\t\t<div class=\"elementor-element elementor-element-fea2923 elementor-widget elementor-widget-image\" data-id=\"fea2923\" data-element_type=\"widget\" data-widget_type=\"image.default\">\n\t\t\t\t<div class=\"elementor-widget-container\">\n\t\t\t\t\t\t\t\t\t\t\t\t\t\t\t\t<a href=\"https:\/\/atigh.org\/%DA%AF%D8%B2%D8%A7%D8%B1%D8%B4-%D8%AA%D8%B5%D9%88%DB%8C%D8%B1%DB%8C-%D8%A7%D8%AC%D9%84%D8%A7%D8%B3-%DA%86%D9%87%D8%A7%D8%B1%D9%85\/\">\n\t\t\t\t\t\t\t<img decoding=\"async\" width=\"486\" height=\"444\" src=\"https:\/\/atigh.org\/wp-content\/uploads\/2025\/05\/PhotoRep_Az.png\" class=\"attachment-large size-large wp-image-14961\" alt=\"\" srcset=\"https:\/\/atigh.org\/wp-content\/uploads\/2025\/05\/PhotoRep_Az.png 486w, https:\/\/atigh.org\/wp-content\/uploads\/2025\/05\/PhotoRep_Az-300x274.png 300w\" sizes=\"(max-width: 486px) 100vw, 486px\" \/>\t\t\t\t\t\t\t\t<\/a>\n\t\t\t\t\t\t\t\t\t\t\t\t\t\t\t<\/div>\n\t\t\t\t<\/div>\n\t\t\t\t<div class=\"elementor-element elementor-element-4b8faa8 elementor-widget elementor-widget-image\" data-id=\"4b8faa8\" data-element_type=\"widget\" data-widget_type=\"image.default\">\n\t\t\t\t<div class=\"elementor-widget-container\">\n\t\t\t\t\t\t\t\t\t\t\t\t\t\t\t\t<a href=\"https:\/\/atigh.org\/category\/%d8%a7%d8%ac%d9%84%d8%a7%d8%b3-%d9%86%d8%ae%d8%a8%da%af%d8%a7%d9%86-%d9%85%d9%86%d8%a7%d8%a8%d8%b1-%d8%b4%db%8c%d8%b9%d9%87\/%d8%ac%d9%87%d8%a7%d8%b1%d9%85%db%8c%d9%86-%d8%a7%d8%ac%d9%84%d8%a7%d8%b3\/\">\n\t\t\t\t\t\t\t<img loading=\"lazy\" decoding=\"async\" width=\"486\" height=\"444\" src=\"https:\/\/atigh.org\/wp-content\/uploads\/2025\/05\/News_Az.png\" class=\"attachment-large size-large wp-image-14966\" alt=\"\" srcset=\"https:\/\/atigh.org\/wp-content\/uploads\/2025\/05\/News_Az.png 486w, https:\/\/atigh.org\/wp-content\/uploads\/2025\/05\/News_Az-300x274.png 300w\" sizes=\"(max-width: 486px) 100vw, 486px\" \/>\t\t\t\t\t\t\t\t<\/a>\n\t\t\t\t\t\t\t\t\t\t\t\t\t\t\t<\/div>\n\t\t\t\t<\/div>\n\t\t\t\t<\/div>\n\t\t<div class=\"elementor-element elementor-element-6128d63 e-flex e-con-boxed e-con e-parent\" data-id=\"6128d63\" data-element_type=\"container\" data-settings=\"{&quot;jet_parallax_layout_list&quot;:[]}\">\n\t\t\t\t\t<div class=\"e-con-inner\">\n\t\t<div class=\"elementor-element elementor-element-a91f1ba e-con-full e-flex e-con e-child\" data-id=\"a91f1ba\" data-element_type=\"container\" data-settings=\"{&quot;jet_parallax_layout_list&quot;:[]}\">\n\t\t\t\t<div class=\"elementor-element elementor-element-6c0a13e elementor-widget elementor-widget-heading\" data-id=\"6c0a13e\" data-element_type=\"widget\" data-widget_type=\"heading.default\">\n\t\t\t\t<div class=\"elementor-widget-container\">\n\t\t\t\t\t<h2 class=\"elementor-heading-title elementor-size-default\">Toplant\u0131n\u0131n s\u0259si<\/h2>\t\t\t\t<\/div>\n\t\t\t\t<\/div>\n\t\t\t\t<div class=\"elementor-element elementor-element-bd9fbf7 elementor-widget elementor-widget-heading\" data-id=\"bd9fbf7\" data-element_type=\"widget\" data-widget_type=\"heading.default\">\n\t\t\t\t<div class=\"elementor-widget-container\">\n\t\t\t\t\t<h2 class=\"elementor-heading-title elementor-size-default\">25 aprel \/ D\u00f6rd\u00fcnc\u00fc konfrans<\/h2>\t\t\t\t<\/div>\n\t\t\t\t<\/div>\n\t\t\t\t<div class=\"elementor-element elementor-element-480e3ec elementor-widget elementor-widget-jet-audio\" data-id=\"480e3ec\" data-element_type=\"widget\" data-widget_type=\"jet-audio.default\">\n\t\t\t\t<div class=\"elementor-widget-container\">\n\t\t\t\t\t<div class=\"elementor-jet-audio jet-elements\">\n\t\t<div class=\"jet-audio jet-audio--fa5-compat\" data-audio-settings=\"{&quot;controls&quot;:[&quot;playpause&quot;,&quot;current&quot;,&quot;progress&quot;,&quot;duration&quot;,&quot;volume&quot;],&quot;audioVolume&quot;:&quot;horizontal&quot;,&quot;startVolume&quot;:0.7,&quot;hasVolumeBar&quot;:&quot;yes&quot;,&quot;hideVolumeOnTouchDevices&quot;:true}\">\n\t\t\t<audio class=\"jet-audio-player\" preload=\"none\" controls=\"\" src=\"https:\/\/atigh.org\/wp-content\/uploads\/2025\/05\/Ejlas4Aud.mp3\" width=\"100%\"><\/audio>\n\t\t<\/div>\n\n\t\t<\/div>\t\t\t\t<\/div>\n\t\t\t\t<\/div>\n\t\t\t\t<div class=\"elementor-element elementor-element-4dee620 elementor-widget elementor-widget-heading\" data-id=\"4dee620\" data-element_type=\"widget\" data-widget_type=\"heading.default\">\n\t\t\t\t<div class=\"elementor-widget-container\">\n\t\t\t\t\t<h2 class=\"elementor-heading-title elementor-size-default\">26 aprel \/ Safin\u0259-n\u0259cat m\u0259rasiminin ba\u011flan\u0131\u015f\u0131<\/h2>\t\t\t\t<\/div>\n\t\t\t\t<\/div>\n\t\t\t\t<div class=\"elementor-element elementor-element-00d7559 elementor-widget elementor-widget-jet-audio\" data-id=\"00d7559\" data-element_type=\"widget\" data-widget_type=\"jet-audio.default\">\n\t\t\t\t<div class=\"elementor-widget-container\">\n\t\t\t\t\t<div class=\"elementor-jet-audio jet-elements\">\n\t\t<div class=\"jet-audio jet-audio--fa5-compat\" data-audio-settings=\"{&quot;controls&quot;:[&quot;playpause&quot;,&quot;current&quot;,&quot;progress&quot;,&quot;duration&quot;,&quot;volume&quot;],&quot;audioVolume&quot;:&quot;horizontal&quot;,&quot;startVolume&quot;:0.7,&quot;hasVolumeBar&quot;:&quot;yes&quot;,&quot;hideVolumeOnTouchDevices&quot;:true}\">\n\t\t\t<audio class=\"jet-audio-player\" preload=\"none\" controls=\"\" src=\"https:\/\/atigh.org\/wp-content\/uploads\/2025\/05\/SoogvareAud.mp3\" width=\"100%\"><\/audio>\n\t\t<\/div>\n\n\t\t<\/div>\t\t\t\t<\/div>\n\t\t\t\t<\/div>\n\t\t\t\t<\/div>\n\t\t\t\t\t<\/div>\n\t\t\t\t<\/div>\n\t\t<div class=\"elementor-element elementor-element-84b46b6 e-flex e-con-boxed e-con e-parent\" data-id=\"84b46b6\" data-element_type=\"container\" data-settings=\"{&quot;jet_parallax_layout_list&quot;:[]}\">\n\t\t\t\t\t<div class=\"e-con-inner\">\n\t\t\t\t<div class=\"elementor-element elementor-element-09ce56c elementor-widget elementor-widget-heading\" data-id=\"09ce56c\" data-element_type=\"widget\" data-widget_type=\"heading.default\">\n\t\t\t\t<div class=\"elementor-widget-container\">\n\t\t\t\t\t<h2 class=\"elementor-heading-title elementor-size-default\">Toplant\u0131n\u0131n videolar\u0131<\/h2>\t\t\t\t<\/div>\n\t\t\t\t<\/div>\n\t\t\t\t\t<\/div>\n\t\t\t\t<\/div>\n\t\t<div class=\"elementor-element elementor-element-d69056c e-flex e-con-boxed e-con e-parent\" data-id=\"d69056c\" data-element_type=\"container\" data-settings=\"{&quot;jet_parallax_layout_list&quot;:[]}\">\n\t\t\t\t\t<div class=\"e-con-inner\">\n\t\t<div class=\"elementor-element elementor-element-ccc1421 e-con-full e-flex e-con e-child\" data-id=\"ccc1421\" data-element_type=\"container\" data-settings=\"{&quot;jet_parallax_layout_list&quot;:[]}\">\n\t\t\t\t<div class=\"elementor-element elementor-element-5d88109 elementor-widget elementor-widget-html\" data-id=\"5d88109\" data-element_type=\"widget\" data-widget_type=\"html.default\">\n\t\t\t\t<div class=\"elementor-widget-container\">\n\t\t\t\t\t<style>.h_iframe-aparat_embed_frame{position:relative;}.h_iframe-aparat_embed_frame .ratio{display:block;width:100%;height:auto;}.h_iframe-aparat_embed_frame iframe{position:absolute;top:0;left:0;width:100%;height:100%;}<\/style><div class=\"h_iframe-aparat_embed_frame\"><span style=\"display: block;padding-top: 57%\"><\/span><iframe src=\"https:\/\/www.aparat.com\/video\/video\/embed\/videohash\/tcez68j\/vt\/frame?titleShow=true&amp;recom=self\" allowfullscreen=\"true\" webkitallowfullscreen=\"true\" mozallowfullscreen=\"true\"><\/iframe><\/div>\t\t\t\t<\/div>\n\t\t\t\t<\/div>\n\t\t\t\t<\/div>\n\t\t<div class=\"elementor-element elementor-element-c341e0a e-con-full e-flex e-con e-child\" data-id=\"c341e0a\" data-element_type=\"container\" data-settings=\"{&quot;jet_parallax_layout_list&quot;:[]}\">\n\t\t\t\t<div class=\"elementor-element elementor-element-1a4b118 elementor-widget elementor-widget-html\" data-id=\"1a4b118\" data-element_type=\"widget\" data-widget_type=\"html.default\">\n\t\t\t\t<div class=\"elementor-widget-container\">\n\t\t\t\t\t<style>.h_iframe-aparat_embed_frame{position:relative;}.h_iframe-aparat_embed_frame .ratio{display:block;width:100%;height:auto;}.h_iframe-aparat_embed_frame iframe{position:absolute;top:0;left:0;width:100%;height:100%;}<\/style><div class=\"h_iframe-aparat_embed_frame\"><span style=\"display: block;padding-top: 57%\"><\/span><iframe src=\"https:\/\/www.aparat.com\/video\/video\/embed\/videohash\/tsko86a\/vt\/frame?titleShow=true&amp;recom=self\" allowfullscreen=\"true\" webkitallowfullscreen=\"true\" mozallowfullscreen=\"true\"><\/iframe><\/div>\t\t\t\t<\/div>\n\t\t\t\t<\/div>\n\t\t\t\t<\/div>\n\t\t\t\t\t<\/div>\n\t\t\t\t<\/div>\n\t\t\t\t<\/div>\n\t\t","protected":false},"excerpt":{"rendered":"<p>\u015ei\u0259 minb\u0259rl\u0259rinin beyn\u0259lxalq elitalar\u0131n\u0131n d\u00f6rd\u00fcnc\u00fc toplant\u0131s\u0131 M\u00f6vzular M\u00f6ht\u0259r\u0259m Seyid\u00fc\u015f-\u015e\u00fch\u0259dan\u0131n (\u0259) k\u00f6yn\u0259yi Qaimin (\u0259.c) qiyam bayra\u011f\u0131d\u0131r. \u015ei\u0259 \u00fc\u00e7\u00fcn strateji h\u0259rt\u0259r\u0259fli x\u0259rit\u0259nin \u00e7\u0259kilm\u0259si, K\u0259rb\u0259lan\u0131n h\u0259yatverici co\u011frafiyas\u0131n\u0131n a\u00e7\u0131qlanmas\u0131na v\u0259 z\u00fchurun haz\u0131rl\u0131\u011f\u0131 \u00fc\u00e7\u00fcn \u015fi\u0259nin t\u0259chizat\u0131na n\u0259zar\u0259t edir. Toplant\u0131n\u0131n m\u0259qs\u0259dl\u0259ri \u015ei\u0259 minb\u0259r sahibl\u0259rinin ruhland\u0131r\u0131lmas\u0131, m\u00f6ht\u0259r\u0259m H\u0259zr\u0259t \u018fba \u018fbdillah H\u00fcseynin (\u0259) k\u00f6yn\u0259yi il\u0259 ba\u011fl\u0131 ill\u0259rl\u0259 apar\u0131lm\u0131\u015f t\u0259dqiqatlar\u0131n t\u0259qdimat\u0131 il\u0259. \u00a0 K\u0259rb\u0259lan\u0131n [&hellip;]<\/p>\n","protected":false},"author":4,"featured_media":0,"parent":0,"menu_order":0,"comment_status":"closed","ping_status":"closed","template":"","meta":{"footnotes":""},"class_list":["post-14501","page","type-page","status-publish","hentry"],"_links":{"self":[{"href":"https:\/\/atigh.org\/az\/wp-json\/wp\/v2\/pages\/14501","targetHints":{"allow":["GET"]}}],"collection":[{"href":"https:\/\/atigh.org\/az\/wp-json\/wp\/v2\/pages"}],"about":[{"href":"https:\/\/atigh.org\/az\/wp-json\/wp\/v2\/types\/page"}],"author":[{"embeddable":true,"href":"https:\/\/atigh.org\/az\/wp-json\/wp\/v2\/users\/4"}],"replies":[{"embeddable":true,"href":"https:\/\/atigh.org\/az\/wp-json\/wp\/v2\/comments?post=14501"}],"version-history":[{"count":13,"href":"https:\/\/atigh.org\/az\/wp-json\/wp\/v2\/pages\/14501\/revisions"}],"predecessor-version":[{"id":16484,"href":"https:\/\/atigh.org\/az\/wp-json\/wp\/v2\/pages\/14501\/revisions\/16484"}],"wp:attachment":[{"href":"https:\/\/atigh.org\/az\/wp-json\/wp\/v2\/media?parent=14501"}],"curies":[{"name":"wp","href":"https:\/\/api.w.org\/{rel}","templated":true}]}}