{"id":14511,"date":"2023-09-12T10:18:47","date_gmt":"2023-09-12T05:48:47","guid":{"rendered":"https:\/\/atigh.org\/seyidussuh%c9%99danin-koyn%c9%99yi-haqqinda\/"},"modified":"2025-05-03T18:47:16","modified_gmt":"2025-05-03T14:17:16","slug":"seyidussuh%c9%99danin-koyn%c9%99yi-haqqinda","status":"publish","type":"page","link":"https:\/\/atigh.org\/az\/seyidussuh%c9%99danin-koyn%c9%99yi-haqqinda\/","title":{"rendered":"Seyid\u00fc\u015f\u015f\u00fch\u0259dan\u0131n k\u00f6yn\u0259yi haqq\u0131nda"},"content":{"rendered":"\t\t<div data-elementor-type=\"wp-page\" data-elementor-id=\"14511\" class=\"elementor elementor-14511 elementor-26\" data-elementor-post-type=\"page\">\n\t\t\t\t<div class=\"elementor-element elementor-element-2535f79 e-con-full e-flex e-con e-parent\" data-id=\"2535f79\" data-element_type=\"container\" data-settings=\"{&quot;jet_parallax_layout_list&quot;:[]}\">\n\t\t\t\t<div class=\"elementor-element elementor-element-9063a36 elementor-widget elementor-widget-heading\" data-id=\"9063a36\" data-element_type=\"widget\" data-widget_type=\"heading.default\">\n\t\t\t\t<div class=\"elementor-widget-container\">\n\t\t\t\t\t<h2 class=\"elementor-heading-title elementor-size-default\">Simvolik \u015f\u0259kild\u0259 Seyid\u00fc\u015f\u015f\u00fch\u0259dan\u0131n m\u00fcq\u0259dd\u0259s k\u00f6yn\u0259yi<\/h2>\t\t\t\t<\/div>\n\t\t\t\t<\/div>\n\t\t<div class=\"elementor-element elementor-element-5dabee1 e-con-full e-flex e-con e-child\" data-id=\"5dabee1\" data-element_type=\"container\" data-settings=\"{&quot;jet_parallax_layout_list&quot;:[]}\">\n\t\t\t\t<div class=\"elementor-element elementor-element-4d50cf3 elementor-widget__width-initial elementor-widget elementor-widget-text-editor\" data-id=\"4d50cf3\" data-element_type=\"widget\" data-widget_type=\"text-editor.default\">\n\t\t\t\t<div class=\"elementor-widget-container\">\n\t\t\t\t\t\t\t\t\t<p dir=\"auto\" style=\"text-align: center;\">Bismillahir-r\u0259hmanir-r\u0259him<\/p>\n<p dir=\"auto\" style=\"text-align: center;\"><strong>Seyid\u00fc\u015f\u015f\u00fch\u0259dan\u0131n salam olsun ona m\u00fcq\u0259dd\u0259s<\/strong> k\u00f6yn\u0259yinin simvolik \u015f\u0259kli, bir ne\u00e7\u0259 illik geni\u015f ara\u015fd\u0131rmalar \u0259sas\u0131nda haz\u0131rlanm\u0131\u015fd\u0131r. Onun hiss\u0259l\u0259ri, \u00f6l\u00e7\u00fcl\u0259ri v\u0259 r\u0259ngi r\u0259vay\u0259tl\u0259r \u0259sas\u0131nda dizayn edilmi\u015fdir.<\/p>\n<div dir=\"auto\" style=\"text-align: center;\">Buna g\u00f6r\u0259 d\u0259 \u00fcmid edirik ki, bu kamil A\u015fura simvolu H\u00fcseyn m\u0259clisl\u0259rind\u0259 t\u0259zim v\u0259 ehtiramla qar\u015f\u0131lanacaqd\u0131r.<\/div>\n<div dir=\"auto\" style=\"text-align: center;\">Buna g\u00f6r\u0259 d\u0259, bu t\u0259zimi h\u0259yata ke\u00e7irm\u0259k \u00fc\u00e7\u00fcn onun t\u0259qdimat\u0131 yaln\u0131z A\u015fura gec\u0259si v\u0259 ya g\u00fcn\u00fc q\u0131sa bir m\u00fcdd\u0259t\u0259 edilm\u0259li v\u0259 il boyu \u00fcmumi bax\u0131\u015f \u00fc\u00e7\u00fcn n\u00fcmayi\u015f etdirilm\u0259m\u0259lidir.<\/div>\n\t\t\t\t\t\t\t\t<\/div>\n\t\t\t\t<\/div>\n\t\t\t\t<div class=\"elementor-element elementor-element-3884c53 elementor-widget elementor-widget-image\" data-id=\"3884c53\" data-element_type=\"widget\" data-widget_type=\"image.default\">\n\t\t\t\t<div class=\"elementor-widget-container\">\n\t\t\t\t\t\t\t\t\t\t\t\t\t\t\t<img fetchpriority=\"high\" decoding=\"async\" width=\"1071\" height=\"1499\" src=\"https:\/\/atigh.org\/wp-content\/uploads\/2025\/05\/PirahanMoazam2.jpg\" class=\"attachment-full size-full wp-image-16356\" alt=\"\" srcset=\"https:\/\/atigh.org\/wp-content\/uploads\/2025\/05\/PirahanMoazam2.jpg 1071w, https:\/\/atigh.org\/wp-content\/uploads\/2025\/05\/PirahanMoazam2-214x300.jpg 214w, https:\/\/atigh.org\/wp-content\/uploads\/2025\/05\/PirahanMoazam2-732x1024.jpg 732w, https:\/\/atigh.org\/wp-content\/uploads\/2025\/05\/PirahanMoazam2-768x1075.jpg 768w\" sizes=\"(max-width: 1071px) 100vw, 1071px\" \/>\t\t\t\t\t\t\t\t\t\t\t\t\t\t\t<\/div>\n\t\t\t\t<\/div>\n\t\t\t\t<div class=\"elementor-element elementor-element-fe00632 elementor-widget elementor-widget-image\" data-id=\"fe00632\" data-element_type=\"widget\" data-widget_type=\"image.default\">\n\t\t\t\t<div class=\"elementor-widget-container\">\n\t\t\t\t\t\t\t\t\t\t\t\t\t\t\t\t<a href=\"https:\/\/atigh.org\/wp-content\/uploads\/2025\/05\/PirahanMoazam.jpg\">\n\t\t\t\t\t\t\t<img decoding=\"async\" width=\"1539\" height=\"309\" src=\"https:\/\/atigh.org\/wp-content\/uploads\/2025\/05\/PirahanDown.png\" class=\"attachment-full size-full wp-image-16387\" alt=\"\" srcset=\"https:\/\/atigh.org\/wp-content\/uploads\/2025\/05\/PirahanDown.png 1539w, https:\/\/atigh.org\/wp-content\/uploads\/2025\/05\/PirahanDown-300x60.png 300w, https:\/\/atigh.org\/wp-content\/uploads\/2025\/05\/PirahanDown-1024x206.png 1024w, https:\/\/atigh.org\/wp-content\/uploads\/2025\/05\/PirahanDown-768x154.png 768w, https:\/\/atigh.org\/wp-content\/uploads\/2025\/05\/PirahanDown-1536x308.png 1536w\" sizes=\"(max-width: 1539px) 100vw, 1539px\" \/>\t\t\t\t\t\t\t\t<\/a>\n\t\t\t\t\t\t\t\t\t\t\t\t\t\t\t<\/div>\n\t\t\t\t<\/div>\n\t\t\t\t<\/div>\n\t\t\t\t<\/div>\n\t\t\t\t<\/div>\n\t\t","protected":false},"excerpt":{"rendered":"<p>Simvolik \u015f\u0259kild\u0259 Seyid\u00fc\u015f\u015f\u00fch\u0259dan\u0131n m\u00fcq\u0259dd\u0259s k\u00f6yn\u0259yi Bismillahir-r\u0259hmanir-r\u0259him Seyid\u00fc\u015f\u015f\u00fch\u0259dan\u0131n salam olsun ona m\u00fcq\u0259dd\u0259s k\u00f6yn\u0259yinin simvolik \u015f\u0259kli, bir ne\u00e7\u0259 illik geni\u015f ara\u015fd\u0131rmalar \u0259sas\u0131nda haz\u0131rlanm\u0131\u015fd\u0131r. Onun hiss\u0259l\u0259ri, \u00f6l\u00e7\u00fcl\u0259ri v\u0259 r\u0259ngi r\u0259vay\u0259tl\u0259r \u0259sas\u0131nda dizayn edilmi\u015fdir. Buna g\u00f6r\u0259 d\u0259 \u00fcmid edirik ki, bu kamil A\u015fura simvolu H\u00fcseyn m\u0259clisl\u0259rind\u0259 t\u0259zim v\u0259 ehtiramla qar\u015f\u0131lanacaqd\u0131r. Buna g\u00f6r\u0259 d\u0259, bu t\u0259zimi h\u0259yata ke\u00e7irm\u0259k \u00fc\u00e7\u00fcn onun [&hellip;]<\/p>\n","protected":false},"author":4,"featured_media":0,"parent":0,"menu_order":0,"comment_status":"closed","ping_status":"closed","template":"","meta":{"footnotes":""},"class_list":["post-14511","page","type-page","status-publish","hentry"],"_links":{"self":[{"href":"https:\/\/atigh.org\/az\/wp-json\/wp\/v2\/pages\/14511","targetHints":{"allow":["GET"]}}],"collection":[{"href":"https:\/\/atigh.org\/az\/wp-json\/wp\/v2\/pages"}],"about":[{"href":"https:\/\/atigh.org\/az\/wp-json\/wp\/v2\/types\/page"}],"author":[{"embeddable":true,"href":"https:\/\/atigh.org\/az\/wp-json\/wp\/v2\/users\/4"}],"replies":[{"embeddable":true,"href":"https:\/\/atigh.org\/az\/wp-json\/wp\/v2\/comments?post=14511"}],"version-history":[{"count":17,"href":"https:\/\/atigh.org\/az\/wp-json\/wp\/v2\/pages\/14511\/revisions"}],"predecessor-version":[{"id":16395,"href":"https:\/\/atigh.org\/az\/wp-json\/wp\/v2\/pages\/14511\/revisions\/16395"}],"wp:attachment":[{"href":"https:\/\/atigh.org\/az\/wp-json\/wp\/v2\/media?parent=14511"}],"curies":[{"name":"wp","href":"https:\/\/api.w.org\/{rel}","templated":true}]}}