{"id":14519,"date":"2025-01-21T16:13:36","date_gmt":"2025-01-21T12:43:36","guid":{"rendered":"https:\/\/atigh.org\/haqqimizda\/"},"modified":"2025-04-05T14:42:22","modified_gmt":"2025-04-05T10:12:22","slug":"haqqimizda","status":"publish","type":"page","link":"https:\/\/atigh.org\/az\/haqqimizda\/","title":{"rendered":"Haqq\u0131m\u0131zda"},"content":{"rendered":"\t\t<div data-elementor-type=\"wp-page\" data-elementor-id=\"14519\" class=\"elementor elementor-14519 elementor-10039\" data-elementor-post-type=\"page\">\n\t\t\t\t<div class=\"elementor-element elementor-element-fb1c9f6 e-flex e-con-boxed e-con e-parent\" data-id=\"fb1c9f6\" data-element_type=\"container\" data-settings=\"{&quot;jet_parallax_layout_list&quot;:[]}\">\n\t\t\t\t\t<div class=\"e-con-inner\">\n\t\t\t\t<div class=\"elementor-element elementor-element-8957853 elementor-widget elementor-widget-heading\" data-id=\"8957853\" data-element_type=\"widget\" data-widget_type=\"heading.default\">\n\t\t\t\t<div class=\"elementor-widget-container\">\n\t\t\t\t\t<h2 class=\"elementor-heading-title elementor-size-default\">Haqq\u0131m\u0131zda<\/h2>\t\t\t\t<\/div>\n\t\t\t\t<\/div>\n\t\t\t\t\t<\/div>\n\t\t\t\t<\/div>\n\t\t<div class=\"elementor-element elementor-element-4262218 e-flex e-con-boxed e-con e-parent\" data-id=\"4262218\" data-element_type=\"container\" data-settings=\"{&quot;jet_parallax_layout_list&quot;:[]}\">\n\t\t\t\t\t<div class=\"e-con-inner\">\n\t\t\t\t<div class=\"elementor-element elementor-element-ccaf844 elementor-widget elementor-widget-spacer\" data-id=\"ccaf844\" data-element_type=\"widget\" data-widget_type=\"spacer.default\">\n\t\t\t\t<div class=\"elementor-widget-container\">\n\t\t\t\t\t\t\t<div class=\"elementor-spacer\">\n\t\t\t<div class=\"elementor-spacer-inner\"><\/div>\n\t\t<\/div>\n\t\t\t\t\t\t<\/div>\n\t\t\t\t<\/div>\n\t\t\t\t<div class=\"elementor-element elementor-element-aed2220 elementor-widget__width-initial elementor-widget elementor-widget-video\" data-id=\"aed2220\" data-element_type=\"widget\" data-settings=\"{&quot;video_type&quot;:&quot;hosted&quot;,&quot;controls&quot;:&quot;yes&quot;}\" data-widget_type=\"video.default\">\n\t\t\t\t<div class=\"elementor-widget-container\">\n\t\t\t\t\t\t\t<div class=\"e-hosted-video elementor-wrapper elementor-open-inline\">\n\t\t\t\t\t<video class=\"elementor-video\" src=\"https:\/\/atigh.org\/wp-content\/uploads\/2025\/02\/AboutUs.mp4\" controls=\"\" preload=\"metadata\" poster=\"https:\/\/atigh.org\/wp-content\/uploads\/2025\/01\/ghiamat-f.jpg\"><\/video>\n\t\t\t\t<\/div>\n\t\t\t\t\t\t<\/div>\n\t\t\t\t<\/div>\n\t\t\t\t<div class=\"elementor-element elementor-element-8501331 elementor-widget elementor-widget-spacer\" data-id=\"8501331\" data-element_type=\"widget\" data-widget_type=\"spacer.default\">\n\t\t\t\t<div class=\"elementor-widget-container\">\n\t\t\t\t\t\t\t<div class=\"elementor-spacer\">\n\t\t\t<div class=\"elementor-spacer-inner\"><\/div>\n\t\t<\/div>\n\t\t\t\t\t\t<\/div>\n\t\t\t\t<\/div>\n\t\t\t\t\t<\/div>\n\t\t\t\t<\/div>\n\t\t<div class=\"elementor-element elementor-element-3596c63 e-con-full e-flex e-con e-parent\" data-id=\"3596c63\" data-element_type=\"container\" data-settings=\"{&quot;jet_parallax_layout_list&quot;:[]}\">\n\t\t\t\t<div class=\"elementor-element elementor-element-18774ed elementor-widget__width-initial elementor-widget elementor-widget-text-editor\" data-id=\"18774ed\" data-element_type=\"widget\" data-widget_type=\"text-editor.default\">\n\t\t\t\t<div class=\"elementor-widget-container\">\n\t\t\t\t\t\t\t\t\t<p>\u0130mam H\u00fcseynin <sup>(\u0259)<\/sup> m\u00fcq\u0259dd\u0259s k\u00f6yn\u0259yi il\u0259 ba\u011fl\u0131 ara\u015fd\u0131rmalar 2016-c\u0131 ild\u0259n Davud Manafipur t\u0259r\u0259find\u0259n ba\u015flad\u0131lm\u0131\u015fd\u0131r. Bu ara\u015fd\u0131rmalar tarixi v\u0259 m\u00f6t\u0259b\u0259r (m\u00fct\u0259q\u0259ddim v\u0259 m\u00fct\u0259\u0259xxir) m\u0259nb\u0259l\u0259r\u0259 yenid\u0259n baxaraq h\u0259yata ke\u00e7irilmi\u015fdir. 6 illik geni\u015f ara\u015fd\u0131rmalar\u0131n ard\u0131ndan, o, 3 beyn\u0259lxalq iclasda 60 mill\u0259td\u0259n 1600-d\u0259n \u00e7ox tarixi, A\u015fura v\u0259 \u015fi\u0259 m\u0259arifi m\u00fct\u0259x\u0259ssisl\u0259ri il\u0259 bu fikri s\u00fcbut etmi\u015fdir: \u0130mam H\u00fcseynin <sup>(\u0259)<\/sup> m\u00fcq\u0259dd\u0259s k\u00f6yn\u0259yi Qaimin <sup>(\u0259)<\/sup> qiyam bayra\u011f\u0131 v\u0259 Qiyam\u0259td\u0259 H\u0259zr\u0259t Siddiqq\u0259 Kubran\u0131n (s) intiqam manifesti olacaqd\u0131r.<\/p>\n<p>&#8230; v\u0259 z\u00fchurdan \u0259vv\u0259l \u015ei\u0259 bu kamil A\u015fura simvoluna sar\u0131lmal\u0131 v\u0259 bu t\u0259svir vasit\u0259sil\u0259 H\u0259zr\u0259t Seyyid\u00fc\u015f\u015f\u00fch\u0259dan\u0131n <sup>(\u0259)<\/sup> m\u0259zlumiyy\u0259tini d\u00fcnyaya tan\u0131tmal\u0131d\u0131r.<\/p>\n\t\t\t\t\t\t\t\t<\/div>\n\t\t\t\t<\/div>\n\t\t\t\t<\/div>\n\t\t\t\t<\/div>\n\t\t","protected":false},"excerpt":{"rendered":"<p>Haqq\u0131m\u0131zda https:\/\/atigh.org\/wp-content\/uploads\/2025\/02\/AboutUs.mp4 \u0130mam H\u00fcseynin (\u0259) m\u00fcq\u0259dd\u0259s k\u00f6yn\u0259yi il\u0259 ba\u011fl\u0131 ara\u015fd\u0131rmalar 2016-c\u0131 ild\u0259n Davud Manafipur t\u0259r\u0259find\u0259n ba\u015flad\u0131lm\u0131\u015fd\u0131r. Bu ara\u015fd\u0131rmalar tarixi v\u0259 m\u00f6t\u0259b\u0259r (m\u00fct\u0259q\u0259ddim v\u0259 m\u00fct\u0259\u0259xxir) m\u0259nb\u0259l\u0259r\u0259 yenid\u0259n baxaraq h\u0259yata ke\u00e7irilmi\u015fdir. 6 illik geni\u015f ara\u015fd\u0131rmalar\u0131n ard\u0131ndan, o, 3 beyn\u0259lxalq iclasda 60 mill\u0259td\u0259n 1600-d\u0259n \u00e7ox tarixi, A\u015fura v\u0259 \u015fi\u0259 m\u0259arifi m\u00fct\u0259x\u0259ssisl\u0259ri il\u0259 bu fikri s\u00fcbut etmi\u015fdir: \u0130mam H\u00fcseynin [&hellip;]<\/p>\n","protected":false},"author":4,"featured_media":0,"parent":0,"menu_order":0,"comment_status":"closed","ping_status":"closed","template":"","meta":{"footnotes":""},"class_list":["post-14519","page","type-page","status-publish","hentry"],"_links":{"self":[{"href":"https:\/\/atigh.org\/az\/wp-json\/wp\/v2\/pages\/14519","targetHints":{"allow":["GET"]}}],"collection":[{"href":"https:\/\/atigh.org\/az\/wp-json\/wp\/v2\/pages"}],"about":[{"href":"https:\/\/atigh.org\/az\/wp-json\/wp\/v2\/types\/page"}],"author":[{"embeddable":true,"href":"https:\/\/atigh.org\/az\/wp-json\/wp\/v2\/users\/4"}],"replies":[{"embeddable":true,"href":"https:\/\/atigh.org\/az\/wp-json\/wp\/v2\/comments?post=14519"}],"version-history":[{"count":3,"href":"https:\/\/atigh.org\/az\/wp-json\/wp\/v2\/pages\/14519\/revisions"}],"predecessor-version":[{"id":14523,"href":"https:\/\/atigh.org\/az\/wp-json\/wp\/v2\/pages\/14519\/revisions\/14523"}],"wp:attachment":[{"href":"https:\/\/atigh.org\/az\/wp-json\/wp\/v2\/media?parent=14519"}],"curies":[{"name":"wp","href":"https:\/\/api.w.org\/{rel}","templated":true}]}}