{"id":14526,"date":"2024-12-01T23:18:28","date_gmt":"2024-12-01T19:48:28","guid":{"rendered":"https:\/\/atigh.org\/ikinci-si%c9%99-minb%c9%99rl%c9%99ri-elitasinin-iclasi\/"},"modified":"2025-05-04T09:43:58","modified_gmt":"2025-05-04T05:13:58","slug":"ikinci-si%c9%99-minb%c9%99rl%c9%99ri-elitasinin-iclasi","status":"publish","type":"page","link":"https:\/\/atigh.org\/az\/ikinci-si%c9%99-minb%c9%99rl%c9%99ri-elitasinin-iclasi\/","title":{"rendered":"\u0130kinci \u015ei\u0259 minb\u0259rl\u0259ri elitas\u0131n\u0131n iclas\u0131"},"content":{"rendered":"\t\t<div data-elementor-type=\"wp-page\" data-elementor-id=\"14526\" class=\"elementor elementor-14526 elementor-6612\" data-elementor-post-type=\"page\">\n\t\t\t\t<div class=\"elementor-element elementor-element-96d7608 e-con-full e-flex e-con e-parent\" data-id=\"96d7608\" data-element_type=\"container\" data-settings=\"{&quot;jet_parallax_layout_list&quot;:[]}\">\n\t\t<div class=\"elementor-element elementor-element-ee665ff e-con-full e-flex e-con e-child\" data-id=\"ee665ff\" data-element_type=\"container\" data-settings=\"{&quot;jet_parallax_layout_list&quot;:[]}\">\n\t\t\t\t<div class=\"elementor-element elementor-element-5f225c4 elementor-widget elementor-widget-heading\" data-id=\"5f225c4\" data-element_type=\"widget\" data-widget_type=\"heading.default\">\n\t\t\t\t<div class=\"elementor-widget-container\">\n\t\t\t\t\t<h2 class=\"elementor-heading-title elementor-size-default\">\u0130kinci Beyn\u0259lxalq \u015ei\u0259 Minb\u0259rl\u0259ri Elit \u0130clas\u0131<\/h2>\t\t\t\t<\/div>\n\t\t\t\t<\/div>\n\t\t\t\t<div class=\"elementor-element elementor-element-4fde57a elementor-widget elementor-widget-spacer\" data-id=\"4fde57a\" data-element_type=\"widget\" data-widget_type=\"spacer.default\">\n\t\t\t\t<div class=\"elementor-widget-container\">\n\t\t\t\t\t\t\t<div class=\"elementor-spacer\">\n\t\t\t<div class=\"elementor-spacer-inner\"><\/div>\n\t\t<\/div>\n\t\t\t\t\t\t<\/div>\n\t\t\t\t<\/div>\n\t\t\t\t<div class=\"elementor-element elementor-element-d7ff016 elementor-widget__width-initial elementor-widget elementor-widget-text-editor\" data-id=\"d7ff016\" data-element_type=\"widget\" data-widget_type=\"text-editor.default\">\n\t\t\t\t<div class=\"elementor-widget-container\">\n\t\t\t\t\t\t\t\t\t<p>Eyni vaxtda 12 B\u0259hm\u0259n tarixi il\u0259, \u0130kinci Beyn\u0259lxalq \u015ei\u0259 Minb\u0259rl\u0259ri Elit \u0130clas\u0131 bu d\u0259f\u0259 M\u00fcq\u0259dd\u0259s Qum \u015f\u0259h\u0259rind\u0259, 70 mill\u0259td\u0259n 600 alim v\u0259 t\u0259dqiqat\u00e7\u0131n\u0131n i\u015ftirak\u0131 il\u0259 ke\u00e7irilmi\u015fdir. Bu iclasda Davud Manafipur t\u0259r\u0259find\u0259n qeyd olunan \u0259n m\u00fch\u00fcm m\u00f6vzulardan biri bu idi ki, \u0130slam \u0130nqilab\u0131ndan 40 ild\u0259n art\u0131q ke\u00e7dikd\u0259n sonra \u015ei\u0259 bir simvol axtarmal\u0131d\u0131r. \u00c7\u00fcnki \u015ei\u0259nin g\u00fcc\u00fc yaln\u0131z K\u0259rb\u0259la co\u011frafiyas\u0131ndan g\u0259lir. O, \u0130mam H\u00fcseynin <sup>(\u0259)<\/sup> k\u00f6yn\u0259yi m\u00f6vzusunu bir simvol olaraq v\u0259 onun ax\u0131r\u0259z-zamandak\u0131 \u0259h\u0259miyy\u0259tini a\u00e7\u0131qlad\u0131qdan sonra z\u00fchurun z\u0259min\u0259si v\u0259 bu m\u00f6vzuda iranl\u0131lar\u0131n v\u0259 Qum \u0259hlinin rolu haqq\u0131nda yeni bir m\u00fczakir\u0259 t\u0259qdim etmi\u015fdir v\u0259 z\u00fchurun z\u0259min\u0259sinin m\u0259nb\u0259yini \u0130mam Musa ibn C\u0259f\u0259rin <sup>(\u0259)<\/sup> \u015f\u0259xsind\u0259 v\u0259 onun \u00f6vladlar\u0131n\u0131n \u0130rana g\u00f6nd\u0259rilm\u0259sind\u0259 g\u00f6rm\u00fc\u015fd\u00fcr.   <\/p>\n\t\t\t\t\t\t\t\t<\/div>\n\t\t\t\t<\/div>\n\t\t\t\t<\/div>\n\t\t\t\t<\/div>\n\t\t<div class=\"elementor-element elementor-element-5c0e6e2 e-grid e-con-full e-con e-child\" data-id=\"5c0e6e2\" data-element_type=\"container\" data-settings=\"{&quot;jet_parallax_layout_list&quot;:[]}\">\n\t\t\t\t<div class=\"elementor-element elementor-element-b29a60e elementor-widget elementor-widget-image\" data-id=\"b29a60e\" data-element_type=\"widget\" data-widget_type=\"image.default\">\n\t\t\t\t<div class=\"elementor-widget-container\">\n\t\t\t\t\t\t\t\t\t\t\t\t\t\t\t\t<a href=\"https:\/\/atigh.org\/wp-content\/uploads\/2025\/01\/Audio-Ejlas%202.m4a\">\n\t\t\t\t\t\t\t<img fetchpriority=\"high\" decoding=\"async\" width=\"486\" height=\"444\" src=\"https:\/\/atigh.org\/wp-content\/uploads\/2025\/05\/AudDown_Az.png\" class=\"attachment-large size-large wp-image-14971\" alt=\"\" srcset=\"https:\/\/atigh.org\/wp-content\/uploads\/2025\/05\/AudDown_Az.png 486w, https:\/\/atigh.org\/wp-content\/uploads\/2025\/05\/AudDown_Az-300x274.png 300w\" sizes=\"(max-width: 486px) 100vw, 486px\" \/>\t\t\t\t\t\t\t\t<\/a>\n\t\t\t\t\t\t\t\t\t\t\t\t\t\t\t<\/div>\n\t\t\t\t<\/div>\n\t\t\t\t<div class=\"elementor-element elementor-element-4ba403e elementor-widget elementor-widget-image\" data-id=\"4ba403e\" data-element_type=\"widget\" data-widget_type=\"image.default\">\n\t\t\t\t<div class=\"elementor-widget-container\">\n\t\t\t\t\t\t\t\t\t\t\t\t\t\t\t\t<a href=\"https:\/\/atigh.org\/%d8%a7%d8%ac%d9%84%d8%a7%d8%b3-%d8%af%d9%88%d9%85\/%da%af%d8%b2%d8%a7%d8%b1%d8%b4-%d8%aa%d8%b5%d9%88%db%8c%d8%b1%db%8c-%d8%a7%d8%ac%d9%84%d8%a7%d8%b3-%d8%af%d9%88%d9%85\/\">\n\t\t\t\t\t\t\t<img decoding=\"async\" width=\"486\" height=\"444\" src=\"https:\/\/atigh.org\/wp-content\/uploads\/2025\/05\/PhotoRep_Az.png\" class=\"attachment-large size-large wp-image-14961\" alt=\"\" srcset=\"https:\/\/atigh.org\/wp-content\/uploads\/2025\/05\/PhotoRep_Az.png 486w, https:\/\/atigh.org\/wp-content\/uploads\/2025\/05\/PhotoRep_Az-300x274.png 300w\" sizes=\"(max-width: 486px) 100vw, 486px\" \/>\t\t\t\t\t\t\t\t<\/a>\n\t\t\t\t\t\t\t\t\t\t\t\t\t\t\t<\/div>\n\t\t\t\t<\/div>\n\t\t\t\t<div class=\"elementor-element elementor-element-79943c6 elementor-widget elementor-widget-image\" data-id=\"79943c6\" data-element_type=\"widget\" data-widget_type=\"image.default\">\n\t\t\t\t<div class=\"elementor-widget-container\">\n\t\t\t\t\t\t\t\t\t\t\t\t\t\t\t\t<a href=\"https:\/\/atigh.org\/%d8%a7%d8%ae%d8%a8%d8%a7%d8%b1\/\">\n\t\t\t\t\t\t\t<img decoding=\"async\" width=\"486\" height=\"444\" src=\"https:\/\/atigh.org\/wp-content\/uploads\/2025\/05\/News_Az.png\" class=\"attachment-large size-large wp-image-14966\" alt=\"\" srcset=\"https:\/\/atigh.org\/wp-content\/uploads\/2025\/05\/News_Az.png 486w, https:\/\/atigh.org\/wp-content\/uploads\/2025\/05\/News_Az-300x274.png 300w\" sizes=\"(max-width: 486px) 100vw, 486px\" \/>\t\t\t\t\t\t\t\t<\/a>\n\t\t\t\t\t\t\t\t\t\t\t\t\t\t\t<\/div>\n\t\t\t\t<\/div>\n\t\t\t\t<\/div>\n\t\t<div class=\"elementor-element elementor-element-346a429 e-flex e-con-boxed e-con e-parent\" data-id=\"346a429\" data-element_type=\"container\" data-settings=\"{&quot;jet_parallax_layout_list&quot;:[]}\">\n\t\t\t\t\t<div class=\"e-con-inner\">\n\t\t\t\t<div class=\"elementor-element elementor-element-302c270 elementor-widget elementor-widget-heading\" data-id=\"302c270\" data-element_type=\"widget\" data-widget_type=\"heading.default\">\n\t\t\t\t<div class=\"elementor-widget-container\">\n\t\t\t\t\t<h2 class=\"elementor-heading-title elementor-size-default\">Toplant\u0131n\u0131n s\u0259si<\/h2>\t\t\t\t<\/div>\n\t\t\t\t<\/div>\n\t\t\t\t<div class=\"elementor-element elementor-element-a2cf5a9 elementor-widget elementor-widget-jet-audio\" data-id=\"a2cf5a9\" data-element_type=\"widget\" data-widget_type=\"jet-audio.default\">\n\t\t\t\t<div class=\"elementor-widget-container\">\n\t\t\t\t\t<div class=\"elementor-jet-audio jet-elements\">\n\t\t<div class=\"jet-audio jet-audio--fa5-compat\" data-audio-settings=\"{&quot;controls&quot;:[&quot;playpause&quot;,&quot;current&quot;,&quot;progress&quot;,&quot;duration&quot;,&quot;volume&quot;],&quot;audioVolume&quot;:&quot;horizontal&quot;,&quot;startVolume&quot;:0.7,&quot;hasVolumeBar&quot;:&quot;yes&quot;,&quot;hideVolumeOnTouchDevices&quot;:true}\">\n\t\t\t<audio class=\"jet-audio-player\" preload=\"none\" controls=\"\" src=\"https:\/\/atigh.org\/wp-content\/uploads\/2025\/01\/Audio-Ejlas%202.m4a\" width=\"100%\"><\/audio>\n\t\t<\/div>\n\n\t\t<\/div>\t\t\t\t<\/div>\n\t\t\t\t<\/div>\n\t\t\t\t\t<\/div>\n\t\t\t\t<\/div>\n\t\t<div class=\"elementor-element elementor-element-ec79bb2 e-flex e-con-boxed e-con e-parent\" data-id=\"ec79bb2\" data-element_type=\"container\" data-settings=\"{&quot;jet_parallax_layout_list&quot;:[]}\">\n\t\t\t\t\t<div class=\"e-con-inner\">\n\t\t\t\t<div class=\"elementor-element elementor-element-5c9bc28 elementor-widget elementor-widget-heading\" data-id=\"5c9bc28\" data-element_type=\"widget\" data-widget_type=\"heading.default\">\n\t\t\t\t<div class=\"elementor-widget-container\">\n\t\t\t\t\t<h2 class=\"elementor-heading-title elementor-size-default\">Toplant\u0131n\u0131n videolar\u0131<\/h2>\t\t\t\t<\/div>\n\t\t\t\t<\/div>\n\t\t\t\t\t<\/div>\n\t\t\t\t<\/div>\n\t\t<div class=\"elementor-element elementor-element-76cf5a2 e-flex e-con-boxed e-con e-parent\" data-id=\"76cf5a2\" data-element_type=\"container\" data-settings=\"{&quot;jet_parallax_layout_list&quot;:[]}\">\n\t\t\t\t\t<div class=\"e-con-inner\">\n\t\t<div class=\"elementor-element elementor-element-d8ac962 e-con-full e-flex e-con e-child\" data-id=\"d8ac962\" data-element_type=\"container\" data-settings=\"{&quot;jet_parallax_layout_list&quot;:[]}\">\n\t\t\t\t<div class=\"elementor-element elementor-element-832c7bd elementor-widget elementor-widget-html\" data-id=\"832c7bd\" data-element_type=\"widget\" data-widget_type=\"html.default\">\n\t\t\t\t<div class=\"elementor-widget-container\">\n\t\t\t\t\t<style>.h_iframe-aparat_embed_frame{position:relative;}.h_iframe-aparat_embed_frame .ratio{display:block;width:100%;height:auto;}.h_iframe-aparat_embed_frame iframe{position:absolute;top:0;left:0;width:100%;height:100%;}<\/style><div class=\"h_iframe-aparat_embed_frame\"><span style=\"display: block;padding-top: 57%\"><\/span><iframe src=\"https:\/\/www.aparat.com\/video\/video\/embed\/videohash\/qrc0waj\/vt\/frame?titleShow=true&amp;recom=self\" allowfullscreen=\"true\" webkitallowfullscreen=\"true\" mozallowfullscreen=\"true\"><\/iframe><\/div>\t\t\t\t<\/div>\n\t\t\t\t<\/div>\n\t\t\t\t<\/div>\n\t\t<div class=\"elementor-element elementor-element-478ae9d e-con-full e-flex e-con e-child\" data-id=\"478ae9d\" data-element_type=\"container\" data-settings=\"{&quot;jet_parallax_layout_list&quot;:[]}\">\n\t\t\t\t<div class=\"elementor-element elementor-element-1a1601b elementor-widget elementor-widget-html\" data-id=\"1a1601b\" data-element_type=\"widget\" data-widget_type=\"html.default\">\n\t\t\t\t<div class=\"elementor-widget-container\">\n\t\t\t\t\t<style>.h_iframe-aparat_embed_frame{position:relative;}.h_iframe-aparat_embed_frame .ratio{display:block;width:100%;height:auto;}.h_iframe-aparat_embed_frame iframe{position:absolute;top:0;left:0;width:100%;height:100%;}<\/style><div class=\"h_iframe-aparat_embed_frame\"><span style=\"display: block;padding-top: 57%\"><\/span><iframe src=\"https:\/\/www.aparat.com\/video\/video\/embed\/videohash\/fue7tja\/vt\/frame?titleShow=true&amp;recom=self\" allowfullscreen=\"true\" webkitallowfullscreen=\"true\" mozallowfullscreen=\"true\"><\/iframe><\/div>\t\t\t\t<\/div>\n\t\t\t\t<\/div>\n\t\t\t\t<\/div>\n\t\t\t\t\t<\/div>\n\t\t\t\t<\/div>\n\t\t\t\t<\/div>\n\t\t","protected":false},"excerpt":{"rendered":"<p>\u0130kinci Beyn\u0259lxalq \u015ei\u0259 Minb\u0259rl\u0259ri Elit \u0130clas\u0131 Eyni vaxtda 12 B\u0259hm\u0259n tarixi il\u0259, \u0130kinci Beyn\u0259lxalq \u015ei\u0259 Minb\u0259rl\u0259ri Elit \u0130clas\u0131 bu d\u0259f\u0259 M\u00fcq\u0259dd\u0259s Qum \u015f\u0259h\u0259rind\u0259, 70 mill\u0259td\u0259n 600 alim v\u0259 t\u0259dqiqat\u00e7\u0131n\u0131n i\u015ftirak\u0131 il\u0259 ke\u00e7irilmi\u015fdir. Bu iclasda Davud Manafipur t\u0259r\u0259find\u0259n qeyd olunan \u0259n m\u00fch\u00fcm m\u00f6vzulardan biri bu idi ki, \u0130slam \u0130nqilab\u0131ndan 40 ild\u0259n art\u0131q ke\u00e7dikd\u0259n sonra \u015ei\u0259 bir [&hellip;]<\/p>\n","protected":false},"author":4,"featured_media":0,"parent":0,"menu_order":0,"comment_status":"closed","ping_status":"closed","template":"","meta":{"footnotes":""},"class_list":["post-14526","page","type-page","status-publish","hentry"],"_links":{"self":[{"href":"https:\/\/atigh.org\/az\/wp-json\/wp\/v2\/pages\/14526","targetHints":{"allow":["GET"]}}],"collection":[{"href":"https:\/\/atigh.org\/az\/wp-json\/wp\/v2\/pages"}],"about":[{"href":"https:\/\/atigh.org\/az\/wp-json\/wp\/v2\/types\/page"}],"author":[{"embeddable":true,"href":"https:\/\/atigh.org\/az\/wp-json\/wp\/v2\/users\/4"}],"replies":[{"embeddable":true,"href":"https:\/\/atigh.org\/az\/wp-json\/wp\/v2\/comments?post=14526"}],"version-history":[{"count":8,"href":"https:\/\/atigh.org\/az\/wp-json\/wp\/v2\/pages\/14526\/revisions"}],"predecessor-version":[{"id":16481,"href":"https:\/\/atigh.org\/az\/wp-json\/wp\/v2\/pages\/14526\/revisions\/16481"}],"wp:attachment":[{"href":"https:\/\/atigh.org\/az\/wp-json\/wp\/v2\/media?parent=14526"}],"curies":[{"name":"wp","href":"https:\/\/api.w.org\/{rel}","templated":true}]}}