{"id":14532,"date":"2024-12-01T23:23:20","date_gmt":"2024-12-01T19:53:20","guid":{"rendered":"https:\/\/atigh.org\/ucuncu-si%c9%99-minb%c9%99rl%c9%99ri-elit-iclasi\/"},"modified":"2025-04-12T16:33:32","modified_gmt":"2025-04-12T12:03:32","slug":"ucuncu-si%c9%99-minb%c9%99rl%c9%99ri-elit-iclasi","status":"publish","type":"page","link":"https:\/\/atigh.org\/az\/ucuncu-si%c9%99-minb%c9%99rl%c9%99ri-elit-iclasi\/","title":{"rendered":"\u00dc\u00e7\u00fcnc\u00fc \u015ei\u0259 Minb\u0259rl\u0259ri Elit \u0130clas\u0131"},"content":{"rendered":"\t\t<div data-elementor-type=\"wp-page\" data-elementor-id=\"14532\" class=\"elementor elementor-14532 elementor-6617\" data-elementor-post-type=\"page\">\n\t\t\t\t<div class=\"elementor-element elementor-element-840f7e0 e-con-full e-flex e-con e-parent\" data-id=\"840f7e0\" data-element_type=\"container\" data-settings=\"{&quot;jet_parallax_layout_list&quot;:[]}\">\n\t\t<div class=\"elementor-element elementor-element-f7026b7 e-con-full e-flex e-con e-child\" data-id=\"f7026b7\" data-element_type=\"container\" data-settings=\"{&quot;jet_parallax_layout_list&quot;:[]}\">\n\t\t\t\t<div class=\"elementor-element elementor-element-a0b6372 elementor-widget elementor-widget-heading\" data-id=\"a0b6372\" data-element_type=\"widget\" data-widget_type=\"heading.default\">\n\t\t\t\t<div class=\"elementor-widget-container\">\n\t\t\t\t\t<h2 class=\"elementor-heading-title elementor-size-default\">\u00dc\u00e7\u00fcnc\u00fc Beyn\u0259lxalq \u015ei\u0259 Minb\u0259rl\u0259ri Elit \u0130clas\u0131<\/h2>\t\t\t\t<\/div>\n\t\t\t\t<\/div>\n\t\t\t\t<div class=\"elementor-element elementor-element-15509b3 elementor-widget elementor-widget-spacer\" data-id=\"15509b3\" data-element_type=\"widget\" data-widget_type=\"spacer.default\">\n\t\t\t\t<div class=\"elementor-widget-container\">\n\t\t\t\t\t\t\t<div class=\"elementor-spacer\">\n\t\t\t<div class=\"elementor-spacer-inner\"><\/div>\n\t\t<\/div>\n\t\t\t\t\t\t<\/div>\n\t\t\t\t<\/div>\n\t\t\t\t<div class=\"elementor-element elementor-element-cfca461 elementor-widget__width-initial elementor-widget elementor-widget-text-editor\" data-id=\"cfca461\" data-element_type=\"widget\" data-widget_type=\"text-editor.default\">\n\t\t\t\t<div class=\"elementor-widget-container\">\n\t\t\t\t\t\t\t\t\t<p>Bu iclas 45 mill\u0259td\u0259n 500-d\u0259n \u00e7ox alim v\u0259 m\u00fct\u0259f\u0259kkir, el\u0259c\u0259 d\u0259 inc\u0259s\u0259n\u0259t v\u0259 media sah\u0259sinin \u0259n se\u00e7il\u0259n simalar\u0131n\u0131n i\u015ftirak\u0131 il\u0259, K\u0259rb\u0259la \u015f\u0259h\u0259rind\u0259 Seyid\u00fc\u015f\u015f\u00fch\u0259dan\u0131n <sup>(\u0259)<\/sup> m\u00fcq\u0259dd\u0259s m\u0259zar\u0131 yan\u0131nda 2 g\u00fcn \u0259rzind\u0259, 14 v\u0259 15 Xordad 1403 tarixl\u0259rind\u0259 ke\u00e7irilmi\u015fdir. Bu iclas\u0131n m\u0259qs\u0259di \u0130mam H\u00fcseynin <sup>(\u0259)<\/sup> m\u00fcq\u0259dd\u0259s k\u00f6yn\u0259yini A\u015fura simvolu v\u0259 b\u0259\u015f\u0259riyy\u0259tin xilaskar\u0131n\u0131n qiyam bayra\u011f\u0131 olaraq a\u00e7\u0131qlamaq, onun m\u00fcasir d\u00f6vrd\u0259ki rolunu vur\u011fulamaq, v\u0259 elmi, b\u0259dii v\u0259 media sah\u0259si elitl\u0259ri aras\u0131nda fikir m\u00fcbadil\u0259si v\u0259 sinerji yaratmaqd\u0131r. Bu iclas\u0131n \u0259n m\u00fch\u00fcm proqramlar\u0131 aras\u0131nda Davud Manafipur t\u0259r\u0259find\u0259n t\u0259qdim olunan elmi v\u0259 ara\u015fd\u0131rma i\u015fl\u0259ri, el\u0259c\u0259 d\u0259 S\u0259fin\u0259t\u00fcn-n\u0259cat Beyn\u0259lxalq Mat\u0259m \u015eeir Gec\u0259si adl\u0131 b\u0259dii t\u0259dbir, m\u0259rsiy\u0259\u00e7ilik v\u0259 \u015feir gec\u0259si vard\u0131.  <\/p>\n\t\t\t\t\t\t\t\t<\/div>\n\t\t\t\t<\/div>\n\t\t\t\t<\/div>\n\t\t\t\t<\/div>\n\t\t<div class=\"elementor-element elementor-element-068124e e-grid e-con-full e-con e-child\" data-id=\"068124e\" data-element_type=\"container\" data-settings=\"{&quot;jet_parallax_layout_list&quot;:[]}\">\n\t\t\t\t<div class=\"elementor-element elementor-element-0862a0c elementor-widget elementor-widget-image\" data-id=\"0862a0c\" data-element_type=\"widget\" data-widget_type=\"image.default\">\n\t\t\t\t<div class=\"elementor-widget-container\">\n\t\t\t\t\t\t\t\t\t\t\t\t\t\t\t\t<a href=\"https:\/\/atigh.org\/wp-content\/uploads\/2025\/01\/Ejlas-nokhbegan-karbala-rouz-1.mp3\">\n\t\t\t\t\t\t\t<img fetchpriority=\"high\" decoding=\"async\" width=\"486\" height=\"444\" src=\"https:\/\/atigh.org\/wp-content\/uploads\/2025\/05\/AudDown_Az.png\" class=\"attachment-large size-large wp-image-14971\" alt=\"\" srcset=\"https:\/\/atigh.org\/wp-content\/uploads\/2025\/05\/AudDown_Az.png 486w, https:\/\/atigh.org\/wp-content\/uploads\/2025\/05\/AudDown_Az-300x274.png 300w\" sizes=\"(max-width: 486px) 100vw, 486px\" \/>\t\t\t\t\t\t\t\t<\/a>\n\t\t\t\t\t\t\t\t\t\t\t\t\t\t\t<\/div>\n\t\t\t\t<\/div>\n\t\t\t\t<div class=\"elementor-element elementor-element-78eb144 elementor-widget elementor-widget-image\" data-id=\"78eb144\" data-element_type=\"widget\" data-widget_type=\"image.default\">\n\t\t\t\t<div class=\"elementor-widget-container\">\n\t\t\t\t\t\t\t\t\t\t\t\t\t\t\t\t<a href=\"https:\/\/atigh.org\/%d8%a7%d8%ac%d9%84%d8%a7%d8%b3-%d8%b3%d9%88%d9%85\/%da%af%d8%b2%d8%a7%d8%b1%d8%b4-%d8%aa%d8%b5%d9%88%db%8c%d8%b1%db%8c-%d8%b3%d9%88%d9%85%db%8c%d9%86-%d8%a7%d8%ac%d9%84%d8%a7%d8%b3-%d9%86%d8%ae%d8%a8%da%af%d8%a7%d9%86-%d9%85%d9%86%d8%a7%d8%a8%d8%b1\/\">\n\t\t\t\t\t\t\t<img decoding=\"async\" width=\"486\" height=\"444\" src=\"https:\/\/atigh.org\/wp-content\/uploads\/2025\/05\/PhotoRep_Az.png\" class=\"attachment-large size-large wp-image-14961\" alt=\"\" srcset=\"https:\/\/atigh.org\/wp-content\/uploads\/2025\/05\/PhotoRep_Az.png 486w, https:\/\/atigh.org\/wp-content\/uploads\/2025\/05\/PhotoRep_Az-300x274.png 300w\" sizes=\"(max-width: 486px) 100vw, 486px\" \/>\t\t\t\t\t\t\t\t<\/a>\n\t\t\t\t\t\t\t\t\t\t\t\t\t\t\t<\/div>\n\t\t\t\t<\/div>\n\t\t\t\t<div class=\"elementor-element elementor-element-11b3a59 elementor-widget elementor-widget-image\" data-id=\"11b3a59\" data-element_type=\"widget\" data-widget_type=\"image.default\">\n\t\t\t\t<div class=\"elementor-widget-container\">\n\t\t\t\t\t\t\t\t\t\t\t\t\t\t\t\t<a href=\"https:\/\/atigh.org\/blog\/\">\n\t\t\t\t\t\t\t<img decoding=\"async\" width=\"486\" height=\"444\" src=\"https:\/\/atigh.org\/wp-content\/uploads\/2025\/05\/News_Az.png\" class=\"attachment-large size-large wp-image-14966\" alt=\"\" srcset=\"https:\/\/atigh.org\/wp-content\/uploads\/2025\/05\/News_Az.png 486w, https:\/\/atigh.org\/wp-content\/uploads\/2025\/05\/News_Az-300x274.png 300w\" sizes=\"(max-width: 486px) 100vw, 486px\" \/>\t\t\t\t\t\t\t\t<\/a>\n\t\t\t\t\t\t\t\t\t\t\t\t\t\t\t<\/div>\n\t\t\t\t<\/div>\n\t\t\t\t<\/div>\n\t\t<div class=\"elementor-element elementor-element-e09abbb e-flex e-con-boxed e-con e-parent\" data-id=\"e09abbb\" data-element_type=\"container\" data-settings=\"{&quot;jet_parallax_layout_list&quot;:[]}\">\n\t\t\t\t\t<div class=\"e-con-inner\">\n\t\t<div class=\"elementor-element elementor-element-2cdcaf8 e-con-full e-flex e-con e-child\" data-id=\"2cdcaf8\" data-element_type=\"container\" data-settings=\"{&quot;jet_parallax_layout_list&quot;:[]}\">\n\t\t\t\t<div class=\"elementor-element elementor-element-190be32 elementor-widget elementor-widget-heading\" data-id=\"190be32\" data-element_type=\"widget\" data-widget_type=\"heading.default\">\n\t\t\t\t<div class=\"elementor-widget-container\">\n\t\t\t\t\t<h2 class=\"elementor-heading-title elementor-size-default\">Toplant\u0131n\u0131n s\u0259si<\/h2>\t\t\t\t<\/div>\n\t\t\t\t<\/div>\n\t\t\t\t<div class=\"elementor-element elementor-element-b94344e elementor-widget elementor-widget-heading\" data-id=\"b94344e\" data-element_type=\"widget\" data-widget_type=\"heading.default\">\n\t\t\t\t<div class=\"elementor-widget-container\">\n\t\t\t\t\t<h2 class=\"elementor-heading-title elementor-size-default\">14 Xordad \/ Birinci \u0130clas<\/h2>\t\t\t\t<\/div>\n\t\t\t\t<\/div>\n\t\t\t\t<div class=\"elementor-element elementor-element-e16cf61 elementor-widget elementor-widget-jet-audio\" data-id=\"e16cf61\" data-element_type=\"widget\" data-widget_type=\"jet-audio.default\">\n\t\t\t\t<div class=\"elementor-widget-container\">\n\t\t\t\t\t<div class=\"elementor-jet-audio jet-elements\">\n\t\t<div class=\"jet-audio jet-audio--fa5-compat\" data-audio-settings=\"{&quot;controls&quot;:[&quot;playpause&quot;,&quot;current&quot;,&quot;progress&quot;,&quot;duration&quot;,&quot;volume&quot;],&quot;audioVolume&quot;:&quot;horizontal&quot;,&quot;startVolume&quot;:0.7,&quot;hasVolumeBar&quot;:&quot;yes&quot;,&quot;hideVolumeOnTouchDevices&quot;:true}\">\n\t\t\t<audio class=\"jet-audio-player\" preload=\"none\" controls=\"\" src=\"https:\/\/atigh.org\/wp-content\/uploads\/2025\/01\/Ejlas-nokhbegan-karbala-rouz-1.mp3\" width=\"100%\"><\/audio>\n\t\t<\/div>\n\n\t\t<\/div>\t\t\t\t<\/div>\n\t\t\t\t<\/div>\n\t\t\t\t<div class=\"elementor-element elementor-element-e225ff7 elementor-widget elementor-widget-heading\" data-id=\"e225ff7\" data-element_type=\"widget\" data-widget_type=\"heading.default\">\n\t\t\t\t<div class=\"elementor-widget-container\">\n\t\t\t\t\t<h2 class=\"elementor-heading-title elementor-size-default\">15 Xordad \/ \u0130kinci \u0130clas<\/h2>\t\t\t\t<\/div>\n\t\t\t\t<\/div>\n\t\t\t\t<div class=\"elementor-element elementor-element-6b69193 elementor-widget elementor-widget-jet-audio\" data-id=\"6b69193\" data-element_type=\"widget\" data-widget_type=\"jet-audio.default\">\n\t\t\t\t<div class=\"elementor-widget-container\">\n\t\t\t\t\t<div class=\"elementor-jet-audio jet-elements\">\n\t\t<div class=\"jet-audio jet-audio--fa5-compat\" data-audio-settings=\"{&quot;controls&quot;:[&quot;playpause&quot;,&quot;current&quot;,&quot;progress&quot;,&quot;duration&quot;,&quot;volume&quot;],&quot;audioVolume&quot;:&quot;horizontal&quot;,&quot;startVolume&quot;:0.7,&quot;hasVolumeBar&quot;:&quot;yes&quot;,&quot;hideVolumeOnTouchDevices&quot;:true}\">\n\t\t\t<audio class=\"jet-audio-player\" preload=\"none\" controls=\"\" src=\"https:\/\/atigh.org\/wp-content\/uploads\/2025\/01\/Ejlas-nokhbegan-karbala-rouz-2.mp3\" width=\"100%\"><\/audio>\n\t\t<\/div>\n\n\t\t<\/div>\t\t\t\t<\/div>\n\t\t\t\t<\/div>\n\t\t\t\t<\/div>\n\t\t\t\t\t<\/div>\n\t\t\t\t<\/div>\n\t\t<div class=\"elementor-element elementor-element-66e127c e-flex e-con-boxed e-con e-parent\" data-id=\"66e127c\" data-element_type=\"container\" data-settings=\"{&quot;jet_parallax_layout_list&quot;:[]}\">\n\t\t\t\t\t<div class=\"e-con-inner\">\n\t\t\t\t<div class=\"elementor-element elementor-element-f3ccbf6 elementor-widget elementor-widget-heading\" data-id=\"f3ccbf6\" data-element_type=\"widget\" data-widget_type=\"heading.default\">\n\t\t\t\t<div class=\"elementor-widget-container\">\n\t\t\t\t\t<h2 class=\"elementor-heading-title elementor-size-default\">Toplant\u0131n\u0131n videolar\u0131<\/h2>\t\t\t\t<\/div>\n\t\t\t\t<\/div>\n\t\t\t\t\t<\/div>\n\t\t\t\t<\/div>\n\t\t<div class=\"elementor-element elementor-element-4f61b7d e-flex e-con-boxed e-con e-parent\" data-id=\"4f61b7d\" data-element_type=\"container\" data-settings=\"{&quot;jet_parallax_layout_list&quot;:[]}\">\n\t\t\t\t\t<div class=\"e-con-inner\">\n\t\t<div class=\"elementor-element elementor-element-d43f8a5 e-con-full e-flex e-con e-child\" data-id=\"d43f8a5\" data-element_type=\"container\" data-settings=\"{&quot;jet_parallax_layout_list&quot;:[]}\">\n\t\t\t\t<div class=\"elementor-element elementor-element-752b17b elementor-widget elementor-widget-html\" data-id=\"752b17b\" data-element_type=\"widget\" data-widget_type=\"html.default\">\n\t\t\t\t<div class=\"elementor-widget-container\">\n\t\t\t\t\t<style>.h_iframe-aparat_embed_frame{position:relative;}.h_iframe-aparat_embed_frame .ratio{display:block;width:100%;height:auto;}.h_iframe-aparat_embed_frame iframe{position:absolute;top:0;left:0;width:100%;height:100%;}<\/style><div class=\"h_iframe-aparat_embed_frame\"><span style=\"display: block;padding-top: 57%\"><\/span><iframe src=\"https:\/\/www.aparat.com\/video\/video\/embed\/videohash\/utwpc86\/vt\/frame?titleShow=true&amp;recom=self\" allowfullscreen=\"true\" webkitallowfullscreen=\"true\" mozallowfullscreen=\"true\"><\/iframe><\/div>\t\t\t\t<\/div>\n\t\t\t\t<\/div>\n\t\t\t\t<\/div>\n\t\t<div class=\"elementor-element elementor-element-79cc14e e-con-full e-flex e-con e-child\" data-id=\"79cc14e\" data-element_type=\"container\" data-settings=\"{&quot;jet_parallax_layout_list&quot;:[]}\">\n\t\t\t\t<div class=\"elementor-element elementor-element-4397dce elementor-widget elementor-widget-html\" data-id=\"4397dce\" data-element_type=\"widget\" data-widget_type=\"html.default\">\n\t\t\t\t<div class=\"elementor-widget-container\">\n\t\t\t\t\t<style>.h_iframe-aparat_embed_frame{position:relative;}.h_iframe-aparat_embed_frame .ratio{display:block;width:100%;height:auto;}.h_iframe-aparat_embed_frame iframe{position:absolute;top:0;left:0;width:100%;height:100%;}<\/style><div class=\"h_iframe-aparat_embed_frame\"><span style=\"display: block;padding-top: 57%\"><\/span><iframe src=\"https:\/\/www.aparat.com\/video\/video\/embed\/videohash\/oqq1297\/vt\/frame?titleShow=true&amp;recom=self\" allowfullscreen=\"true\" webkitallowfullscreen=\"true\" mozallowfullscreen=\"true\"><\/iframe><\/div>\t\t\t\t<\/div>\n\t\t\t\t<\/div>\n\t\t\t\t<\/div>\n\t\t\t\t\t<\/div>\n\t\t\t\t<\/div>\n\t\t\t\t<\/div>\n\t\t","protected":false},"excerpt":{"rendered":"<p>\u00dc\u00e7\u00fcnc\u00fc Beyn\u0259lxalq \u015ei\u0259 Minb\u0259rl\u0259ri Elit \u0130clas\u0131 Bu iclas 45 mill\u0259td\u0259n 500-d\u0259n \u00e7ox alim v\u0259 m\u00fct\u0259f\u0259kkir, el\u0259c\u0259 d\u0259 inc\u0259s\u0259n\u0259t v\u0259 media sah\u0259sinin \u0259n se\u00e7il\u0259n simalar\u0131n\u0131n i\u015ftirak\u0131 il\u0259, K\u0259rb\u0259la \u015f\u0259h\u0259rind\u0259 Seyid\u00fc\u015f\u015f\u00fch\u0259dan\u0131n (\u0259) m\u00fcq\u0259dd\u0259s m\u0259zar\u0131 yan\u0131nda 2 g\u00fcn \u0259rzind\u0259, 14 v\u0259 15 Xordad 1403 tarixl\u0259rind\u0259 ke\u00e7irilmi\u015fdir. Bu iclas\u0131n m\u0259qs\u0259di \u0130mam H\u00fcseynin (\u0259) m\u00fcq\u0259dd\u0259s k\u00f6yn\u0259yini A\u015fura simvolu v\u0259 b\u0259\u015f\u0259riyy\u0259tin [&hellip;]<\/p>\n","protected":false},"author":4,"featured_media":0,"parent":0,"menu_order":0,"comment_status":"closed","ping_status":"closed","template":"","meta":{"footnotes":""},"class_list":["post-14532","page","type-page","status-publish","hentry"],"_links":{"self":[{"href":"https:\/\/atigh.org\/az\/wp-json\/wp\/v2\/pages\/14532","targetHints":{"allow":["GET"]}}],"collection":[{"href":"https:\/\/atigh.org\/az\/wp-json\/wp\/v2\/pages"}],"about":[{"href":"https:\/\/atigh.org\/az\/wp-json\/wp\/v2\/types\/page"}],"author":[{"embeddable":true,"href":"https:\/\/atigh.org\/az\/wp-json\/wp\/v2\/users\/4"}],"replies":[{"embeddable":true,"href":"https:\/\/atigh.org\/az\/wp-json\/wp\/v2\/comments?post=14532"}],"version-history":[{"count":6,"href":"https:\/\/atigh.org\/az\/wp-json\/wp\/v2\/pages\/14532\/revisions"}],"predecessor-version":[{"id":15184,"href":"https:\/\/atigh.org\/az\/wp-json\/wp\/v2\/pages\/14532\/revisions\/15184"}],"wp:attachment":[{"href":"https:\/\/atigh.org\/az\/wp-json\/wp\/v2\/media?parent=14532"}],"curies":[{"name":"wp","href":"https:\/\/api.w.org\/{rel}","templated":true}]}}