{"id":14580,"date":"2025-01-18T16:20:15","date_gmt":"2025-01-18T12:50:15","guid":{"rendered":"https:\/\/atigh.org\/imam-huseynin-%c9%99-koyn%c9%99yinin-h%c9%99diyy%c9%99-gunudur\/"},"modified":"2025-05-03T16:46:37","modified_gmt":"2025-05-03T12:16:37","slug":"imam-huseynin-%c9%99-koyn%c9%99yinin-h%c9%99diyy%c9%99-gunudur","status":"publish","type":"page","link":"https:\/\/atigh.org\/az\/imam-huseynin-%c9%99-koyn%c9%99yinin-h%c9%99diyy%c9%99-gunudur\/","title":{"rendered":"\u0130mam H\u00fcseynin (\u0259) K\u00f6yn\u0259yinin H\u0259diyy\u0259 G\u00fcn\u00fcd\u00fcr"},"content":{"rendered":"\t\t<div data-elementor-type=\"wp-page\" data-elementor-id=\"14580\" class=\"elementor elementor-14580 elementor-9528\" data-elementor-post-type=\"page\">\n\t\t\t\t<div class=\"elementor-element elementor-element-44f68f0 e-flex e-con-boxed e-con e-parent\" data-id=\"44f68f0\" data-element_type=\"container\" data-settings=\"{&quot;jet_parallax_layout_list&quot;:[]}\">\n\t\t\t\t\t<div class=\"e-con-inner\">\n\t\t\t\t<div class=\"elementor-element elementor-element-8d5dd4a elementor-widget elementor-widget-heading\" data-id=\"8d5dd4a\" data-element_type=\"widget\" data-widget_type=\"heading.default\">\n\t\t\t\t<div class=\"elementor-widget-container\">\n\t\t\t\t\t<h2 class=\"elementor-heading-title elementor-size-default\">\u0130mam H\u00fcseynin (\u0259) K\u00f6yn\u0259yinin H\u0259diyy\u0259 G\u00fcn\u00fcd\u00fcr<\/h2>\t\t\t\t<\/div>\n\t\t\t\t<\/div>\n\t\t\t\t\t<\/div>\n\t\t\t\t<\/div>\n\t\t<div class=\"elementor-element elementor-element-a36884b e-flex e-con-boxed e-con e-parent\" data-id=\"a36884b\" data-element_type=\"container\" data-settings=\"{&quot;jet_parallax_layout_list&quot;:[]}\">\n\t\t\t\t\t<div class=\"e-con-inner\">\n\t\t\t\t<div class=\"elementor-element elementor-element-a00fb18 elementor-widget elementor-widget-spacer\" data-id=\"a00fb18\" data-element_type=\"widget\" data-widget_type=\"spacer.default\">\n\t\t\t\t<div class=\"elementor-widget-container\">\n\t\t\t\t\t\t\t<div class=\"elementor-spacer\">\n\t\t\t<div class=\"elementor-spacer-inner\"><\/div>\n\t\t<\/div>\n\t\t\t\t\t\t<\/div>\n\t\t\t\t<\/div>\n\t\t\t\t<div class=\"elementor-element elementor-element-bbdfcbc elementor-widget__width-initial elementor-widget elementor-widget-video\" data-id=\"bbdfcbc\" data-element_type=\"widget\" data-settings=\"{&quot;video_type&quot;:&quot;hosted&quot;,&quot;controls&quot;:&quot;yes&quot;}\" data-widget_type=\"video.default\">\n\t\t\t\t<div class=\"elementor-widget-container\">\n\t\t\t\t\t\t\t<div class=\"e-hosted-video elementor-wrapper elementor-open-inline\">\n\t\t\t\t\t<video class=\"elementor-video\" src=\"https:\/\/atigh.org\/wp-content\/uploads\/2025\/01\/teazer-ghamis.mp4\" controls=\"\" preload=\"metadata\"><\/video>\n\t\t\t\t<\/div>\n\t\t\t\t\t\t<\/div>\n\t\t\t\t<\/div>\n\t\t\t\t<div class=\"elementor-element elementor-element-81e2d03 elementor-widget elementor-widget-spacer\" data-id=\"81e2d03\" data-element_type=\"widget\" data-widget_type=\"spacer.default\">\n\t\t\t\t<div class=\"elementor-widget-container\">\n\t\t\t\t\t\t\t<div class=\"elementor-spacer\">\n\t\t\t<div class=\"elementor-spacer-inner\"><\/div>\n\t\t<\/div>\n\t\t\t\t\t\t<\/div>\n\t\t\t\t<\/div>\n\t\t\t\t\t<\/div>\n\t\t\t\t<\/div>\n\t\t<div class=\"elementor-element elementor-element-e11a1c4 e-con-full e-flex e-con e-parent\" data-id=\"e11a1c4\" data-element_type=\"container\" data-settings=\"{&quot;jet_parallax_layout_list&quot;:[]}\">\n\t\t\t\t<div class=\"elementor-element elementor-element-02d329b elementor-widget__width-initial elementor-widget elementor-widget-text-editor\" data-id=\"02d329b\" data-element_type=\"widget\" data-widget_type=\"text-editor.default\">\n\t\t\t\t<div class=\"elementor-widget-container\">\n\t\t\t\t\t\t\t\t\t<p>Hz. Z\u0259hra&#8217;n\u0131n <sup>(s<\/sup><sup>.<\/sup><sup>\u0259)<\/sup> \u015f\u0259had\u0259tind\u0259n 3 g\u00fcn \u0259vv\u0259l, \u0130mam Rza&#8217;n\u0131n <sup>(\u0259)<\/sup> m\u00fcq\u0259dd\u0259s h\u0259r\u0259minin yan\u0131nda &#8220;K\u00f6yn\u0259yin t\u0259qdim olunma g\u00fcn\u00fc&#8221; m\u0259rasimi, 250 \u015fair, m\u0259rsiy\u0259\u00e7i v\u0259 t\u0259dqiqat\u00e7\u0131n\u0131n i\u015ftirak\u0131 il\u0259 v\u0259 eyni zamanda \u0130ran\u0131n t\u0259qrib\u0259n 50 m\u0259kan\u0131nda, o c\u00fcml\u0259d\u0259n \u015eiraz, \u0130sfahan, S\u0259n\u0259nd\u0259c, \u015e\u0259hrekord, H\u0259m\u0259dan, S\u0259man v\u0259 ba\u015fqa \u015f\u0259h\u0259rl\u0259rd\u0259 ke\u00e7irilmi\u015fdir. Davud Manafipur \u00f6z \u00e7\u0131x\u0131\u015f\u0131nda &#8220;K\u00f6yn\u0259yin t\u0259qdim olunmas\u0131 hekay\u0259sinin&#8221; \u0259h\u0259miyy\u0259tini vur\u011fulad\u0131. O qeyd etdi ki, bu k\u00f6yn\u0259k d\u00f6z\u00fcml\u00fcl\u00fck v\u0259 m\u0259zlumluq simvolu kimi A\u015fura mesaj\u0131n\u0131 d\u00fcnyaya \u00f6t\u00fcrm\u0259k \u00fc\u00e7\u00fcn istifad\u0259 olunmal\u0131d\u0131r. Bu m\u0259rasim Seyid Kaz\u0131m \u018fhm\u0259dzad\u0259nin idar\u0259\u00e7iliyi v\u0259 Cavad Muh\u0259mm\u0259dzamani t\u0259r\u0259find\u0259n \u015feir oxumaqla ba\u015flam\u0131\u015fd\u0131r. Dig\u0259r \u015fairl\u0259r, m\u0259s\u0259l\u0259n, Cavad Ha\u015fimi, Cavad Heyd\u0259ri, Hadi Canf\u0259d\u0259, Muh\u0259mm\u0259d Biyabani, \u018fhm\u0259d Babayi, H\u0259m\u0259d \u018fsg\u0259ri, Seyid H\u00fcseyn M\u00fct\u0259v\u0259liyan, Qas\u0131m S\u0259rafan, M\u0259hmud H\u0259bibi K\u0259sbi v\u0259 Muh\u0259mm\u0259d S\u00f6hrabi \u00f6z \u015feirl\u0259ri il\u0259 m\u0259n\u0259vi m\u00fchit yaratd\u0131lar. Eyni zamanda N\u0259sir Feyz, \u015e\u0259hram \u015eekiba, Muh\u0259mm\u0259d R\u0259suli, M\u0259di Q\u0259zli, Muh\u0259mm\u0259drza \u018fnbran v\u0259 xan\u0131mlar Fatim\u0259 Nani-zad\u0259, Fatim\u0259 Beyrami, Z\u0259hras\u0259dat Qasimi, Z\u0259hra Hac\u0131-pur, Atif\u0259 Co\u015fqaniyan, \u018fl\u0259h\u0259m Safalu v\u0259 M\u0259lih\u0259 R\u0259c\u0259yi d\u0259 i\u015ftirak etdil\u0259r. Bu m\u0259rasim Hac Nariman P\u0259nahinin m\u0259rsiy\u0259 oxumas\u0131 v\u0259 Hz. Z\u0259hra&#8217;n\u0131n <sup>(s.\u0259)<\/sup> \u015f\u0259had\u0259tin\u0259 h\u0259sr olunmu\u015f \u0259za il\u0259 ba\u015fa \u00e7atd\u0131.      <\/p>\n\t\t\t\t\t\t\t\t<\/div>\n\t\t\t\t<\/div>\n\t\t\t\t<\/div>\n\t\t<div class=\"elementor-element elementor-element-c3bca4e e-grid e-con-boxed e-con e-parent\" data-id=\"c3bca4e\" data-element_type=\"container\" data-settings=\"{&quot;jet_parallax_layout_list&quot;:[]}\">\n\t\t\t\t\t<div class=\"e-con-inner\">\n\t\t\t\t<div class=\"elementor-element elementor-element-d64a7f4 elementor-widget elementor-widget-image\" data-id=\"d64a7f4\" data-element_type=\"widget\" data-widget_type=\"image.default\">\n\t\t\t\t<div class=\"elementor-widget-container\">\n\t\t\t\t\t\t\t\t\t\t\t\t\t\t\t\t<a href=\"https:\/\/atigh.org\/wp-content\/uploads\/2025\/02\/AudioYawm.mp3\">\n\t\t\t\t\t\t\t<img fetchpriority=\"high\" decoding=\"async\" width=\"486\" height=\"444\" src=\"https:\/\/atigh.org\/wp-content\/uploads\/2025\/05\/Vid_Az.png\" class=\"attachment-large size-large wp-image-15011\" alt=\"\" srcset=\"https:\/\/atigh.org\/wp-content\/uploads\/2025\/05\/Vid_Az.png 486w, https:\/\/atigh.org\/wp-content\/uploads\/2025\/05\/Vid_Az-300x274.png 300w\" sizes=\"(max-width: 486px) 100vw, 486px\" \/>\t\t\t\t\t\t\t\t<\/a>\n\t\t\t\t\t\t\t\t\t\t\t\t\t\t\t<\/div>\n\t\t\t\t<\/div>\n\t\t\t\t<div class=\"elementor-element elementor-element-2dc3b78 elementor-widget elementor-widget-image\" data-id=\"2dc3b78\" data-element_type=\"widget\" data-widget_type=\"image.default\">\n\t\t\t\t<div class=\"elementor-widget-container\">\n\t\t\t\t\t\t\t\t\t\t\t\t\t\t\t\t<a href=\"https:\/\/atigh.org\/%db%8c%d9%88%d9%85-%d8%a7%d8%b9%d8%b7%d8%a7%d8%a1-%d9%82%d9%85%db%8c%d8%b5-%d8%a7%d9%84%d8%ad%d8%b3%db%8c%d9%86-%d8%b9%d9%84%db%8c%d9%87-%d8%a7%d9%84%d8%b3%d9%84%d8%a7%d9%85\/%da%af%d8%b2%d8%a7%d8%b1%d8%b4-%d8%aa%d8%b5%d9%88%db%8c%d8%b1%db%8c-%db%8c%d9%88%d9%85-%d8%a7%d8%b9%d8%b7%d8%a7%d8%a1-%d8%a7%d9%84%d9%82%d9%85%db%8c%d8%b5\/\">\n\t\t\t\t\t\t\t<img decoding=\"async\" width=\"486\" height=\"444\" src=\"https:\/\/atigh.org\/wp-content\/uploads\/2025\/05\/Pic_Az.png\" class=\"attachment-large size-large wp-image-15016\" alt=\"\" srcset=\"https:\/\/atigh.org\/wp-content\/uploads\/2025\/05\/Pic_Az.png 486w, https:\/\/atigh.org\/wp-content\/uploads\/2025\/05\/Pic_Az-300x274.png 300w\" sizes=\"(max-width: 486px) 100vw, 486px\" \/>\t\t\t\t\t\t\t\t<\/a>\n\t\t\t\t\t\t\t\t\t\t\t\t\t\t\t<\/div>\n\t\t\t\t<\/div>\n\t\t\t\t\t<\/div>\n\t\t\t\t<\/div>\n\t\t<div class=\"elementor-element elementor-element-40082aa e-flex e-con-boxed e-con e-parent\" data-id=\"40082aa\" data-element_type=\"container\" data-settings=\"{&quot;jet_parallax_layout_list&quot;:[]}\">\n\t\t\t\t\t<div class=\"e-con-inner\">\n\t\t\t\t<div class=\"elementor-element elementor-element-c253cf5 elementor-widget elementor-widget-heading\" data-id=\"c253cf5\" data-element_type=\"widget\" data-widget_type=\"heading.default\">\n\t\t\t\t<div class=\"elementor-widget-container\">\n\t\t\t\t\t<h2 class=\"elementor-heading-title elementor-size-default\">M\u0259rasimin S\u0259si<\/h2>\t\t\t\t<\/div>\n\t\t\t\t<\/div>\n\t\t\t\t<div class=\"elementor-element elementor-element-38217e2 elementor-widget elementor-widget-jet-audio\" data-id=\"38217e2\" data-element_type=\"widget\" data-widget_type=\"jet-audio.default\">\n\t\t\t\t<div class=\"elementor-widget-container\">\n\t\t\t\t\t<div class=\"elementor-jet-audio jet-elements\">\n\t\t<div class=\"jet-audio jet-audio--fa5-compat\" data-audio-settings=\"{&quot;controls&quot;:[&quot;playpause&quot;,&quot;current&quot;,&quot;progress&quot;,&quot;duration&quot;,&quot;volume&quot;],&quot;audioVolume&quot;:&quot;horizontal&quot;,&quot;startVolume&quot;:0.7,&quot;hasVolumeBar&quot;:&quot;yes&quot;,&quot;hideVolumeOnTouchDevices&quot;:true}\">\n\t\t\t<audio class=\"jet-audio-player\" preload=\"none\" controls=\"\" src=\"https:\/\/atigh.org\/wp-content\/uploads\/2025\/02\/AudioYawm.mp3\" width=\"100%\"><\/audio>\n\t\t<\/div>\n\n\t\t<\/div>\t\t\t\t<\/div>\n\t\t\t\t<\/div>\n\t\t\t\t\t<\/div>\n\t\t\t\t<\/div>\n\t\t\t\t<\/div>\n\t\t","protected":false},"excerpt":{"rendered":"<p>\u0130mam H\u00fcseynin (\u0259) K\u00f6yn\u0259yinin H\u0259diyy\u0259 G\u00fcn\u00fcd\u00fcr https:\/\/atigh.org\/wp-content\/uploads\/2025\/01\/teazer-ghamis.mp4 Hz. Z\u0259hra&#8217;n\u0131n (s.\u0259) \u015f\u0259had\u0259tind\u0259n 3 g\u00fcn \u0259vv\u0259l, \u0130mam Rza&#8217;n\u0131n (\u0259) m\u00fcq\u0259dd\u0259s h\u0259r\u0259minin yan\u0131nda &#8220;K\u00f6yn\u0259yin t\u0259qdim olunma g\u00fcn\u00fc&#8221; m\u0259rasimi, 250 \u015fair, m\u0259rsiy\u0259\u00e7i v\u0259 t\u0259dqiqat\u00e7\u0131n\u0131n i\u015ftirak\u0131 il\u0259 v\u0259 eyni zamanda \u0130ran\u0131n t\u0259qrib\u0259n 50 m\u0259kan\u0131nda, o c\u00fcml\u0259d\u0259n \u015eiraz, \u0130sfahan, S\u0259n\u0259nd\u0259c, \u015e\u0259hrekord, H\u0259m\u0259dan, S\u0259man v\u0259 ba\u015fqa \u015f\u0259h\u0259rl\u0259rd\u0259 ke\u00e7irilmi\u015fdir. Davud Manafipur \u00f6z \u00e7\u0131x\u0131\u015f\u0131nda [&hellip;]<\/p>\n","protected":false},"author":4,"featured_media":0,"parent":0,"menu_order":0,"comment_status":"closed","ping_status":"closed","template":"","meta":{"footnotes":""},"class_list":["post-14580","page","type-page","status-publish","hentry"],"_links":{"self":[{"href":"https:\/\/atigh.org\/az\/wp-json\/wp\/v2\/pages\/14580","targetHints":{"allow":["GET"]}}],"collection":[{"href":"https:\/\/atigh.org\/az\/wp-json\/wp\/v2\/pages"}],"about":[{"href":"https:\/\/atigh.org\/az\/wp-json\/wp\/v2\/types\/page"}],"author":[{"embeddable":true,"href":"https:\/\/atigh.org\/az\/wp-json\/wp\/v2\/users\/4"}],"replies":[{"embeddable":true,"href":"https:\/\/atigh.org\/az\/wp-json\/wp\/v2\/comments?post=14580"}],"version-history":[{"count":4,"href":"https:\/\/atigh.org\/az\/wp-json\/wp\/v2\/pages\/14580\/revisions"}],"predecessor-version":[{"id":15023,"href":"https:\/\/atigh.org\/az\/wp-json\/wp\/v2\/pages\/14580\/revisions\/15023"}],"wp:attachment":[{"href":"https:\/\/atigh.org\/az\/wp-json\/wp\/v2\/media?parent=14580"}],"curies":[{"name":"wp","href":"https:\/\/api.w.org\/{rel}","templated":true}]}}